{"id":15279,"date":"2025-05-26T12:34:06","date_gmt":"2025-05-26T12:34:06","guid":{"rendered":"http:\/\/18.196.36.165\/product\/aroma-porcelain-diffuser-lotus-purity\/"},"modified":"2025-05-28T06:59:49","modified_gmt":"2025-05-28T06:59:49","slug":"aroma-porcelain-diffuser-lotus-purity","status":"publish","type":"product","link":"http:\/\/54.76.153.246\/ar\/product\/aroma-porcelain-diffuser-lotus-purity\/","title":{"rendered":"\u0646\u0627\u0634\u0631 \u0639\u0628\u064a\u0631 \u0645\u0646 \u0627\u0644\u0628\u0648\u0631\u0633\u0644\u064a\u0646 (\u0644\u0648\u062a\u0633 \u0628\u064a\u0648\u0631\u0633\u0644\u064a\u0646)"},"content":{"rendered":"<p>Lotus seedpod and bud stand gracefully in a white bottle carved with lines like lotus root, fresh green and delicate white in a simple way, to show the purity and quietness that make you feel at peace with the world.<\/p>\n<p>SKU \/ FragranceCVC701WE \/ White Tide<br \/>\nVolume: 200ml<br \/>\nProduct Dimension: 14\u00d78\u00d730(cm)<br \/>\nPackaging Dimension: 17.8\u00d77.7\u00d732.3(cm)<br \/>\nRoom Area: \uff1c12sqm<br \/>\nDiffusion Duration: 2-3 months<\/p>","protected":false},"excerpt":{"rendered":"<p>Lotus seedpod and bud stand gracefully in a white bottle carved with lines like lotus root, fresh green and delicate white in a simple way, to show the purity and quietness that make you feel at peace with the world. SKU \/ FragranceCVC701WE \/ White Tide Volume: 200ml Product Dimension: 14\u00d78\u00d730(cm) Packaging Dimension: 17.8\u00d77.7\u00d732.3(cm) Room [&hellip;]<\/p>\n","protected":false},"featured_media":17386,"comment_status":"open","ping_status":"closed","template":"","meta":{"_acf_changed":false},"product_brand":[102],"product_cat":[980],"product_tag":[2468,2466,2467],"class_list":{"0":"post-15279","1":"product","2":"type-product","3":"status-publish","4":"has-post-thumbnail","6":"product_brand-chando","7":"product_cat-home-decoration","8":"product_tag-decor","9":"product_tag-diffuser","10":"product_tag-home-fragrance","12":"first","13":"instock","14":"purchasable","15":"product-type-simple"},"acf":[],"_links":{"self":[{"href":"http:\/\/54.76.153.246\/ar\/wp-json\/wp\/v2\/product\/15279","targetHints":{"allow":["GET"]}}],"collection":[{"href":"http:\/\/54.76.153.246\/ar\/wp-json\/wp\/v2\/product"}],"about":[{"href":"http:\/\/54.76.153.246\/ar\/wp-json\/wp\/v2\/types\/product"}],"replies":[{"embeddable":true,"href":"http:\/\/54.76.153.246\/ar\/wp-json\/wp\/v2\/comments?post=15279"}],"wp:featuredmedia":[{"embeddable":true,"href":"http:\/\/54.76.153.246\/ar\/wp-json\/wp\/v2\/media\/17386"}],"wp:attachment":[{"href":"http:\/\/54.76.153.246\/ar\/wp-json\/wp\/v2\/media?parent=15279"}],"wp:term":[{"taxonomy":"product_brand","embeddable":true,"href":"http:\/\/54.76.153.246\/ar\/wp-json\/wp\/v2\/product_brand?post=15279"},{"taxonomy":"product_cat","embeddable":true,"href":"http:\/\/54.76.153.246\/ar\/wp-json\/wp\/v2\/product_cat?post=15279"},{"taxonomy":"product_tag","embeddable":true,"href":"http:\/\/54.76.153.246\/ar\/wp-json\/wp\/v2\/product_tag?post=15279"}],"curies":[{"name":"\u062f\u0628\u0644\u064a\u0648 \u0628\u064a","href":"https:\/\/api.w.org\/{rel}","templated":true}]}}