{"id":15280,"date":"2025-05-26T12:34:06","date_gmt":"2025-05-26T12:34:06","guid":{"rendered":"http:\/\/18.196.36.165\/product\/aroma-porcelain-diffuser-sleeping-lily-purity\/"},"modified":"2025-05-28T07:01:14","modified_gmt":"2025-05-28T07:01:14","slug":"aroma-porcelain-diffuser-sleeping-lily-purity","status":"publish","type":"product","link":"http:\/\/54.76.153.246\/ar\/product\/aroma-porcelain-diffuser-sleeping-lily-purity\/","title":{"rendered":"Aroma Porcelain Diffuser (Sleeping Lily Purity)"},"content":{"rendered":"<p>The plain bottle carved with line like lotus root hold newly developed leaf and blooming calla lily, such tend, straight and upright with gentle pure white, to bring on the feeling and honor for life.<\/p>\n<p>SKU \/ FragranceCVC702SE \/ Fresh Ginger &amp; Cardamon<br \/>\nVolume: 100ml<br \/>\nProduct Dimension: 13\u00d77\u00d723cm<br \/>\nPackaging Dimension: 15.6\u00d77.6\u00d727.3cm<br \/>\nRoom Area: \uff1c12sqm<br \/>\nDiffusion Duration: 1 month<\/p>","protected":false},"excerpt":{"rendered":"<p>The plain bottle carved with line like lotus root hold newly developed leaf and blooming calla lily, such tend, straight and upright with gentle pure white, to bring on the feeling and honor for life. SKU \/ FragranceCVC702SE \/ Fresh Ginger &amp; Cardamon Volume: 100ml Product Dimension: 13\u00d77\u00d723cm Packaging Dimension: 15.6\u00d77.6\u00d727.3cm Room Area: \uff1c12sqm Diffusion [&hellip;]<\/p>\n","protected":false},"featured_media":17389,"comment_status":"open","ping_status":"closed","template":"","meta":{"_acf_changed":false},"product_brand":[102],"product_cat":[980],"product_tag":[2468,2466,2467],"class_list":{"0":"post-15280","1":"product","2":"type-product","3":"status-publish","4":"has-post-thumbnail","6":"product_brand-chando","7":"product_cat-home-decoration","8":"product_tag-decor","9":"product_tag-diffuser","10":"product_tag-home-fragrance","12":"first","13":"instock","14":"purchasable","15":"product-type-simple"},"acf":[],"_links":{"self":[{"href":"http:\/\/54.76.153.246\/ar\/wp-json\/wp\/v2\/product\/15280","targetHints":{"allow":["GET"]}}],"collection":[{"href":"http:\/\/54.76.153.246\/ar\/wp-json\/wp\/v2\/product"}],"about":[{"href":"http:\/\/54.76.153.246\/ar\/wp-json\/wp\/v2\/types\/product"}],"replies":[{"embeddable":true,"href":"http:\/\/54.76.153.246\/ar\/wp-json\/wp\/v2\/comments?post=15280"}],"wp:featuredmedia":[{"embeddable":true,"href":"http:\/\/54.76.153.246\/ar\/wp-json\/wp\/v2\/media\/17389"}],"wp:attachment":[{"href":"http:\/\/54.76.153.246\/ar\/wp-json\/wp\/v2\/media?parent=15280"}],"wp:term":[{"taxonomy":"product_brand","embeddable":true,"href":"http:\/\/54.76.153.246\/ar\/wp-json\/wp\/v2\/product_brand?post=15280"},{"taxonomy":"product_cat","embeddable":true,"href":"http:\/\/54.76.153.246\/ar\/wp-json\/wp\/v2\/product_cat?post=15280"},{"taxonomy":"product_tag","embeddable":true,"href":"http:\/\/54.76.153.246\/ar\/wp-json\/wp\/v2\/product_tag?post=15280"}],"curies":[{"name":"\u062f\u0628\u0644\u064a\u0648 \u0628\u064a","href":"https:\/\/api.w.org\/{rel}","templated":true}]}}