{"id":15282,"date":"2025-05-26T12:34:06","date_gmt":"2025-05-26T12:34:06","guid":{"rendered":"http:\/\/18.196.36.165\/product\/aroma-porcelain-diffuser-mini-succulent\/"},"modified":"2025-05-28T07:03:10","modified_gmt":"2025-05-28T07:03:10","slug":"aroma-porcelain-diffuser-mini-succulent","status":"publish","type":"product","link":"http:\/\/54.76.153.246\/ar\/product\/aroma-porcelain-diffuser-mini-succulent\/","title":{"rendered":"\u0646\u0627\u0634\u0631 \u0639\u0628\u064a\u0631 \u0645\u0646 \u0627\u0644\u0628\u0648\u0631\u0633\u0644\u064a\u0646 (\u0639\u0635\u0627\u0631\u0629 \u0635\u063a\u064a\u0631\u0629)"},"content":{"rendered":"<p>SKU \/ Fragrance: CEG703WE \/ White Tide<br \/>\nVolume: 40ml<br \/>\nProduct Dimension: 8.8\u00d78.8\u00d77.3(cm)<br \/>\nPackaging Dimension: 7.4\u00d77.4\u00d714(cm)<br \/>\nRoom Area: \uff1c4sqm<br \/>\nDiffusion Duration: 2-3months<\/p>","protected":false},"excerpt":{"rendered":"<p>SKU \/ Fragrance: CEG703WE \/ White Tide Volume: 40ml Product Dimension: 8.8\u00d78.8\u00d77.3(cm) Packaging Dimension: 7.4\u00d77.4\u00d714(cm) Room Area: \uff1c4sqm Diffusion Duration: 2-3months<\/p>","protected":false},"featured_media":17393,"comment_status":"open","ping_status":"closed","template":"","meta":{"_acf_changed":false},"product_brand":[102],"product_cat":[980],"product_tag":[2468,2466,2467],"class_list":{"0":"post-15282","1":"product","2":"type-product","3":"status-publish","4":"has-post-thumbnail","6":"product_brand-chando","7":"product_cat-home-decoration","8":"product_tag-decor","9":"product_tag-diffuser","10":"product_tag-home-fragrance","12":"first","13":"instock","14":"purchasable","15":"product-type-simple"},"acf":[],"_links":{"self":[{"href":"http:\/\/54.76.153.246\/ar\/wp-json\/wp\/v2\/product\/15282","targetHints":{"allow":["GET"]}}],"collection":[{"href":"http:\/\/54.76.153.246\/ar\/wp-json\/wp\/v2\/product"}],"about":[{"href":"http:\/\/54.76.153.246\/ar\/wp-json\/wp\/v2\/types\/product"}],"replies":[{"embeddable":true,"href":"http:\/\/54.76.153.246\/ar\/wp-json\/wp\/v2\/comments?post=15282"}],"wp:featuredmedia":[{"embeddable":true,"href":"http:\/\/54.76.153.246\/ar\/wp-json\/wp\/v2\/media\/17393"}],"wp:attachment":[{"href":"http:\/\/54.76.153.246\/ar\/wp-json\/wp\/v2\/media?parent=15282"}],"wp:term":[{"taxonomy":"product_brand","embeddable":true,"href":"http:\/\/54.76.153.246\/ar\/wp-json\/wp\/v2\/product_brand?post=15282"},{"taxonomy":"product_cat","embeddable":true,"href":"http:\/\/54.76.153.246\/ar\/wp-json\/wp\/v2\/product_cat?post=15282"},{"taxonomy":"product_tag","embeddable":true,"href":"http:\/\/54.76.153.246\/ar\/wp-json\/wp\/v2\/product_tag?post=15282"}],"curies":[{"name":"\u062f\u0628\u0644\u064a\u0648 \u0628\u064a","href":"https:\/\/api.w.org\/{rel}","templated":true}]}}