{"id":15327,"date":"2025-05-26T12:34:16","date_gmt":"2025-05-26T12:34:16","guid":{"rendered":"http:\/\/18.196.36.165\/product\/wooden-watchwallet-belt-cufflink-box-organizer\/"},"modified":"2025-05-27T13:35:28","modified_gmt":"2025-05-27T13:35:28","slug":"wooden-watchwallet-belt-cufflink-box-organizer","status":"publish","type":"product","link":"http:\/\/54.76.153.246\/ar\/product\/wooden-watchwallet-belt-cufflink-box-organizer\/","title":{"rendered":"\u0645\u0646\u0638\u0645 \u0633\u0627\u0639\u0627\u062a \u062e\u0634\u0628\u064a + \u0645\u062d\u0641\u0638\u0629\/\u0645\u062d\u0641\u0638\u0629\/\u062d\u0632\u0627\u0645 + \u0635\u0646\u062f\u0648\u0642 \u0623\u0632\u0631\u0627\u0631 \u0623\u0643\u0645\u0627\u0645 \u062e\u0634\u0628\u064a"},"content":{"rendered":"<p>\u0645\u0646\u0638\u0645 \u0633\u0627\u0639\u0627\u062a \u062e\u0634\u0628\u064a + \u0645\u062d\u0641\u0638\u0629\/\u0645\u062d\u0641\u0638\u0629\/\u062d\u0632\u0627\u0645 + \u0635\u0646\u062f\u0648\u0642 \u0623\u0632\u0631\u0627\u0631 \u0623\u0643\u0645\u0627\u0645 \u062e\u0634\u0628\u064a<\/p>\n<p>Material: MDF +OAK veneer + PU leather lining<\/p>\n<p>Color:Black<\/p>\n<p>Matte finish<\/p>\n<p>Dimension: 370x210x85mm<\/p>\n<p>Pillow Size:51x70mm<\/p>","protected":false},"excerpt":{"rendered":"<p>\u0633\u0627\u0639\u0629 \u062e\u0634\u0628\u064a\u0629 + \u0633\u0627\u0639\u0629 + \u0633\u0648\u0627\u0631 \/ \u062d\u0632\u0627\u0645 + \u0645\u0646\u0638\u0645 \u0635\u0646\u062f\u0648\u0642 \u0623\u0632\u0631\u0627\u0631 \u0623\u0643\u0645\u0627\u0645 \u0627\u0644\u0645\u0648\u0627\u062f: MDF + \u0642\u0634\u0631\u0629 \u0645\u0646 \u062e\u0634\u0628 \u0627\u0644\u0628\u0644\u0648\u0637 + \u0628\u0637\u0627\u0646\u0629 \u0645\u0646 \u062c\u0644\u062f \u0627\u0644\u0628\u0648\u0644\u064a \u064a\u0648\u0631\u064a\u062b\u0627\u0646 \u0627\u0644\u0644\u0648\u0646: \u0623\u0633\u0648\u062f \u063a\u064a\u0631 \u0644\u0627\u0645\u0639 \u0627\u0644\u0623\u0628\u0639\u0627\u062f: 370 \u00d7 210 \u00d7 210 \u00d7 85 \u0645\u0645 \u062d\u062c\u0645 \u0627\u0644\u0648\u0633\u0627\u062f\u0629: 51 \u00d7 70 \u0645\u0645<\/p>","protected":false},"featured_media":17119,"comment_status":"open","ping_status":"closed","template":"","meta":{"_acf_changed":false},"product_brand":[151],"product_cat":[1886],"product_tag":[2476,2478,2479],"class_list":{"0":"post-15327","1":"product","2":"type-product","3":"status-publish","4":"has-post-thumbnail","6":"product_brand-luxury-signature","7":"product_cat-watch-boxes","8":"product_tag-collection","9":"product_tag-jewelry-box","10":"product_tag-organizer","12":"first","13":"instock","14":"purchasable","15":"product-type-simple"},"acf":[],"_links":{"self":[{"href":"http:\/\/54.76.153.246\/ar\/wp-json\/wp\/v2\/product\/15327","targetHints":{"allow":["GET"]}}],"collection":[{"href":"http:\/\/54.76.153.246\/ar\/wp-json\/wp\/v2\/product"}],"about":[{"href":"http:\/\/54.76.153.246\/ar\/wp-json\/wp\/v2\/types\/product"}],"replies":[{"embeddable":true,"href":"http:\/\/54.76.153.246\/ar\/wp-json\/wp\/v2\/comments?post=15327"}],"wp:featuredmedia":[{"embeddable":true,"href":"http:\/\/54.76.153.246\/ar\/wp-json\/wp\/v2\/media\/17119"}],"wp:attachment":[{"href":"http:\/\/54.76.153.246\/ar\/wp-json\/wp\/v2\/media?parent=15327"}],"wp:term":[{"taxonomy":"product_brand","embeddable":true,"href":"http:\/\/54.76.153.246\/ar\/wp-json\/wp\/v2\/product_brand?post=15327"},{"taxonomy":"product_cat","embeddable":true,"href":"http:\/\/54.76.153.246\/ar\/wp-json\/wp\/v2\/product_cat?post=15327"},{"taxonomy":"product_tag","embeddable":true,"href":"http:\/\/54.76.153.246\/ar\/wp-json\/wp\/v2\/product_tag?post=15327"}],"curies":[{"name":"\u062f\u0628\u0644\u064a\u0648 \u0628\u064a","href":"https:\/\/api.w.org\/{rel}","templated":true}]}}