{"id":3708,"date":"2025-05-08T12:04:05","date_gmt":"2025-05-08T12:04:05","guid":{"rendered":"http:\/\/18.196.36.165\/product\/%d9%86%d8%b7%d8%a7%d8%b7-%d8%a7%d9%84%d9%85%d8%b4%d8%a7%d9%83%d8%b3-%d9%85%d9%82%d9%87%d9%89-%d8%a7%d9%84%d8%b7%d8%a7%d9%88%d9%88%d8%b3bouncy-and-feisty-peacock-cafe\/"},"modified":"2025-05-12T18:18:04","modified_gmt":"2025-05-12T18:18:04","slug":"%d9%86%d8%b7%d8%a7%d8%b7-%d8%a7%d9%84%d9%85%d8%b4%d8%a7%d9%83%d8%b3-%d9%85%d9%82%d9%87%d9%89-%d8%a7%d9%84%d8%b7%d8%a7%d9%88%d9%88%d8%b3bouncy-and-feisty-peacock-cafe","status":"publish","type":"product","link":"http:\/\/54.76.153.246\/ar\/product\/%d9%86%d8%b7%d8%a7%d8%b7-%d8%a7%d9%84%d9%85%d8%b4%d8%a7%d9%83%d8%b3-%d9%85%d9%82%d9%87%d9%89-%d8%a7%d9%84%d8%b7%d8%a7%d9%88%d9%88%d8%b3bouncy-and-feisty-peacock-cafe\/","title":{"rendered":"\u0646\u0637\u0627\u0637 \u0627\u0644\u0645\u0634\u0627\u0643\u0633 - \u0645\u0642\u0647\u0649 \u0646\u0637\u0627\u0637 \u0627\u0644\u0645\u0634\u0627\u0643\u0633 - \u0645\u0642\u0647\u0649 \u0627\u0644\u0637\u0627\u0648\u0648\u0633 \u0627\u0644\u0646\u0637\u0627\u0637 \u0648\u0627\u0644\u0645\u0634\u0627\u0643\u0633\u0629"},"content":{"rendered":"<p>\u0627\u0641\u062a\u062a\u062d \u0645\u0642\u0647\u0649 \u062c\u062f\u064a\u062f \u0641\u064a \u0627\u0644\u062d\u064a \u0627\u0644\u0630\u064a \u064a\u0633\u0643\u0646\u0647 \u00ab\u0646\u0637\u0627\u0637\u00bb\u060c \u0627\u0633\u0645\u0647: \u00ab\u0645\u0642\u0647\u0649 \u0627\u0644\u0637\u0627\u0648\u0648\u0633\u00bb. \u0641\u064a \u0647\u0630\u0627 \u0627\u0644\u0645\u0642\u0647\u0649\u060c \u064a\u0628\u0627\u0639 \u0641\u0646\u062c\u0627\u0646 \u0627\u0644\u0642\u0647\u0648\u0629 \u0628\u0633\u0639\u0631 \u0645\u0631\u062a\u0641\u0639 \u0646\u0633\u0628\u064a\u0627\u060c \u0628\u062e\u0644\u0627\u0641 \u0623\u0633\u0639\u0627\u0631 \u0627\u0644\u0645\u0642\u0627\u0647\u064a \u0627\u0644\u0623\u062e\u0631\u0649\u060c \u0648\u0631\u063a\u0645 \u0630\u0644\u0643 \u064a\u0634\u0647\u062f \u0627\u0644\u0645\u0642\u0647\u0649 \u0625\u0642\u0628\u0627\u0644\u0627 \u0639\u0644\u0649 \u0642\u0647\u0648\u062a\u0647 \u0645\u0646 \u0642\u0628\u0644 \u0627\u0644\u0632\u0628\u0627\u0626\u0646 \u0627\u0644\u0645\u0645\u064a\u0632\u064a\u0646 \u0648\u0645\u062d\u0628\u064a \u0627\u0644\u0642\u0647\u0648\u0629\u060c \u0648\u0647\u0648 \u0623\u0645\u0631 \u0623\u062b\u0627\u0631 \u0641\u0636\u0648\u0644 \u0646\u0637\u0627\u0637 \u0648\u0631\u0641\u0627\u0642\u0647\u060c \u0641\u0642\u0631\u0631\u0648\u0634\u0627 -\u0628\u0637\u0631\u064a\u0642\u062a\u0647\u0645 \u0627\u0644\u062e\u0627\u0635\u0629- \u0645\u0639\u0631\u0641\u0629 \u0633\u0631 \u0647\u0630\u0627 \u0627\u0644\u0625\u0642\u0628\u0627\u0644\u060c \u0648\u0633\u0631 \u062a\u0633\u0645\u064a\u0629 \u062a\u0644\u0643 \u0627\u0644\u0642\u0647\u0648\u0629 \u0628\u00ab\u0642\u0647\u0648\u0629 \u0627\u0644\u0637\u0627\u0648\u0648\u0633\u00bb\u060c \u0641\u0647\u0644 \u0633\u064a\u0646\u062c\u062d\u0648\u0646 \u0641\u064a \u0630\u0644\u0643\u061f \u0644\u0645\u0627\u0630\u0627 \u0633\u0645\u064a\u062a \u00ab\u0642\u0647\u0648\u0629 \u0627\u0644\u0637\u0627\u0648\u0648\u0633\u00bb \u0628\u0647\u0630\u0627 \u0627\u0644\u0627\u0633\u0645\u061f \u0648\u0628\u0645 \u062a\u062e\u062a\u0644\u0641 \u0639\u0646 \u0627\u0644\u0642\u0647\u0648\u0629 \u0627\u0644\u0639\u0627\u062f\u064a\u0629\u061f \u0647\u0630\u0627 \u0645\u0627 \u0633\u0646\u0639\u0631\u0641\u0647 \u062d\u064a\u0646 \u0646\u062a\u0627\u0628\u0639 \u0623\u062d\u062f\u0627\u062b \u0647\u0630\u0647 \u0627\u0644\u0642\u0635\u0629 \u0627\u0644\u0645\u0645\u062a\u0639\u0629.<\/p>\n<p>A new caf\u00e9 was opened in the neighborhood where \u201cNatat\u201d lives, called \u201cThe Peacock Caf\u00e9.\u201d In this caf\u00e9, a cup of coffee is sold at a relatively high price, unlike the prices of other caf\u00e9s, and despite that, the caf\u00e9 witnesses a demand for its coffee from distinguished customers and coffee lovers, something that aroused the curiosity of Nataat and his companions, so they decided &#8211; in their own way &#8211; to find out the secret of this demand, and the secret of naming it. Coffee with \u201cPeacock Coffee\u201d, will they succeed in this? Why was \u201cPeacock Coffee\u201d given this name? How is it different from regular coffee? This is what we will know when we follow the events of this interesting story.<\/p>","protected":false},"excerpt":{"rendered":"<p>\u0627\u0641\u062a\u062a\u062d \u0645\u0642\u0647\u0649 \u062c\u062f\u064a\u062f \u0641\u064a \u0627\u0644\u062d\u064a \u0627\u0644\u0630\u064a \u064a\u0633\u0643\u0646\u0647 \u00ab\u0646\u0637\u0627\u0637\u00bb\u060c \u0627\u0633\u0645\u0647: \u00ab\u0645\u0642\u0647\u0649 \u0627\u0644\u0637\u0627\u0648\u0648\u0633\u00bb. \u0641\u064a \u0647\u0630\u0627 \u0627\u0644\u0645\u0642\u0647\u0649\u060c \u064a\u0628\u0627\u0639 \u0641\u0646\u062c\u0627\u0646 \u0627\u0644\u0642\u0647\u0648\u0629 \u0628\u0633\u0639\u0631 \u0645\u0631\u062a\u0641\u0639 \u0646\u0633\u0628\u064a\u0627\u060c \u0628\u062e\u0644\u0627\u0641 \u0623\u0633\u0639\u0627\u0631 \u0627\u0644\u0645\u0642\u0627\u0647\u064a \u0627\u0644\u0623\u062e\u0631\u0649\u060c \u0648\u0631\u063a\u0645 \u0630\u0644\u0643 \u064a\u0634\u0647\u062f \u0627\u0644\u0645\u0642\u0647\u0649 \u0625\u0642\u0628\u0627\u0644\u0627 \u0639\u0644\u0649 \u0642\u0647\u0648\u062a\u0647 \u0645\u0646 \u0642\u0628\u0644 \u0627\u0644\u0632\u0628\u0627\u0626\u0646 \u0627\u0644\u0645\u0645\u064a\u0632\u064a\u0646 \u0648\u0645\u062d\u0628\u064a \u0627\u0644\u0642\u0647\u0648\u0629\u060c \u0648\u0647\u0648 \u0623\u0645\u0631 \u0623\u062b\u0627\u0631 \u0641\u0636\u0648\u0644 \u0646\u0637\u0627\u0637 \u0648\u0631\u0641\u0627\u0642\u0647\u060c \u0641\u0642\u0631\u0631\u0648\u0634\u0627 -\u0628\u0637\u0631\u064a\u0642\u062a\u0647\u0645 \u0627\u0644\u062e\u0627\u0635\u0629- \u0645\u0639\u0631\u0641\u0629 \u0633\u0631 \u0647\u0630\u0627 \u0627\u0644\u0625\u0642\u0628\u0627\u0644\u060c \u0648\u0633\u0631 \u062a\u0633\u0645\u064a\u0629 \u062a\u0644\u0643 \u0627\u0644\u0642\u0647\u0648\u0629 \u0628\u00ab\u0642\u0647\u0648\u0629 [&hellip;]<\/p>\n","protected":false},"featured_media":3991,"comment_status":"open","ping_status":"closed","template":"","meta":{"_acf_changed":false},"product_brand":[],"product_cat":[1133],"product_tag":[1267,1265,1268,1193,1266],"class_list":{"0":"post-3708","1":"product","2":"type-product","3":"status-publish","4":"has-post-thumbnail","6":"product_cat-books","7":"product_tag-comics","8":"product_tag-fiction","9":"product_tag-funny-books","10":"product_tag-reading","11":"product_tag-youngest","13":"first","14":"instock","15":"purchasable","16":"product-type-simple"},"acf":[],"_links":{"self":[{"href":"http:\/\/54.76.153.246\/ar\/wp-json\/wp\/v2\/product\/3708","targetHints":{"allow":["GET"]}}],"collection":[{"href":"http:\/\/54.76.153.246\/ar\/wp-json\/wp\/v2\/product"}],"about":[{"href":"http:\/\/54.76.153.246\/ar\/wp-json\/wp\/v2\/types\/product"}],"replies":[{"embeddable":true,"href":"http:\/\/54.76.153.246\/ar\/wp-json\/wp\/v2\/comments?post=3708"}],"wp:featuredmedia":[{"embeddable":true,"href":"http:\/\/54.76.153.246\/ar\/wp-json\/wp\/v2\/media\/3991"}],"wp:attachment":[{"href":"http:\/\/54.76.153.246\/ar\/wp-json\/wp\/v2\/media?parent=3708"}],"wp:term":[{"taxonomy":"product_brand","embeddable":true,"href":"http:\/\/54.76.153.246\/ar\/wp-json\/wp\/v2\/product_brand?post=3708"},{"taxonomy":"product_cat","embeddable":true,"href":"http:\/\/54.76.153.246\/ar\/wp-json\/wp\/v2\/product_cat?post=3708"},{"taxonomy":"product_tag","embeddable":true,"href":"http:\/\/54.76.153.246\/ar\/wp-json\/wp\/v2\/product_tag?post=3708"}],"curies":[{"name":"\u062f\u0628\u0644\u064a\u0648 \u0628\u064a","href":"https:\/\/api.w.org\/{rel}","templated":true}]}}