{"id":38149,"date":"2025-06-17T12:58:29","date_gmt":"2025-06-17T12:58:29","guid":{"rendered":"http:\/\/18.196.36.165\/product\/pokemon-plush-pickachu-8\/"},"modified":"2025-06-25T06:20:10","modified_gmt":"2025-06-25T06:20:10","slug":"pokemon-plush-pickachu-8","status":"publish","type":"product","link":"http:\/\/54.76.153.246\/ar\/product\/pokemon-plush-pickachu-8\/","title":{"rendered":"Pokemon Plush Pickachu 8"},"content":{"rendered":"<p>This snuggly Pok\u00e9mon plush is made with super soft material and always ready to nuzzle its trainer. Featuring authentic details, this Pok\u00e9mon looks like it jumped right out of the smash-hit Pok\u00e9mon Animated Series. Collect other Pok\u00e9mon plush and build your own unique team. Officially licensed Pok\u00e9mon product from Jazwares. Ages 2+<\/p>","protected":false},"excerpt":{"rendered":"<p>This snuggly Pok\u00e9mon plush is made with super soft material and always ready to nuzzle its trainer. Featuring authentic details, this Pok\u00e9mon looks like it jumped right out of the smash-hit Pok\u00e9mon Animated Series. Collect other Pok\u00e9mon plush and build your own unique team. Officially licensed Pok\u00e9mon product from Jazwares. Ages 2+<\/p>","protected":false},"featured_media":51596,"comment_status":"open","ping_status":"closed","template":"","meta":{"_acf_changed":false},"product_brand":[4188],"product_cat":[4160],"product_tag":[4181],"class_list":{"0":"post-38149","1":"product","2":"type-product","3":"status-publish","4":"has-post-thumbnail","6":"product_brand-pokemon","7":"product_cat-soft-toys","8":"product_tag-pokemon","10":"first","11":"outofstock","12":"purchasable","13":"product-type-simple"},"acf":[],"_links":{"self":[{"href":"http:\/\/54.76.153.246\/ar\/wp-json\/wp\/v2\/product\/38149","targetHints":{"allow":["GET"]}}],"collection":[{"href":"http:\/\/54.76.153.246\/ar\/wp-json\/wp\/v2\/product"}],"about":[{"href":"http:\/\/54.76.153.246\/ar\/wp-json\/wp\/v2\/types\/product"}],"replies":[{"embeddable":true,"href":"http:\/\/54.76.153.246\/ar\/wp-json\/wp\/v2\/comments?post=38149"}],"wp:featuredmedia":[{"embeddable":true,"href":"http:\/\/54.76.153.246\/ar\/wp-json\/wp\/v2\/media\/51596"}],"wp:attachment":[{"href":"http:\/\/54.76.153.246\/ar\/wp-json\/wp\/v2\/media?parent=38149"}],"wp:term":[{"taxonomy":"product_brand","embeddable":true,"href":"http:\/\/54.76.153.246\/ar\/wp-json\/wp\/v2\/product_brand?post=38149"},{"taxonomy":"product_cat","embeddable":true,"href":"http:\/\/54.76.153.246\/ar\/wp-json\/wp\/v2\/product_cat?post=38149"},{"taxonomy":"product_tag","embeddable":true,"href":"http:\/\/54.76.153.246\/ar\/wp-json\/wp\/v2\/product_tag?post=38149"}],"curies":[{"name":"\u062f\u0628\u0644\u064a\u0648 \u0628\u064a","href":"https:\/\/api.w.org\/{rel}","templated":true}]}}