{"id":38493,"date":"2025-06-17T13:00:14","date_gmt":"2025-06-17T13:00:14","guid":{"rendered":"http:\/\/18.196.36.165\/product\/pokemon-tcg-paradox-destinies-fall-ex-tin-%e2%88%92-assortment\/"},"modified":"2025-07-02T11:53:29","modified_gmt":"2025-07-02T11:53:29","slug":"pokemon-tcg-paradox-destinies-fall-ex-tin-%e2%88%92-assortment","status":"publish","type":"product","link":"http:\/\/54.76.153.246\/ar\/product\/pokemon-tcg-paradox-destinies-fall-ex-tin-%e2%88%92-assortment\/","title":{"rendered":"Pok\u00e9mon Tcg: Paradox Destinies Fall Ex Tin \u2212 Assortment"},"content":{"rendered":"<p>More Paradox Pok\u00e9mon from the past and future arrive in the Pok\u00e9mon TCG for a destined battle surpassing time itself! The Ancient Pok\u00e9mon Gouging Fire ex and Raging Bolt ex show their primordial prowess, while the Future Pok\u00e9mon Iron Boulder ex and Iron Crown ex demonstrate metallic mastery. In this Paradox Destinies Tin, you\u2019ll find a promo card featuring one of these four Paradox Pok\u00e9mon, additional allies to add to the fray with 4 booster packs, and a code card for Pok\u00e9mon TCG Live.<\/p>","protected":false},"excerpt":{"rendered":"<p>More Paradox Pok\u00e9mon from the past and future arrive in the Pok\u00e9mon TCG for a destined battle surpassing time itself! The Ancient Pok\u00e9mon Gouging Fire ex and Raging Bolt ex show their primordial prowess, while the Future Pok\u00e9mon Iron Boulder ex and Iron Crown ex demonstrate metallic mastery. In this Paradox Destinies Tin, you\u2019ll find [&hellip;]<\/p>\n","protected":false},"featured_media":58496,"comment_status":"open","ping_status":"closed","template":"","meta":{"_acf_changed":false},"product_brand":[4188],"product_cat":[4164],"product_tag":[4181],"class_list":{"0":"post-38493","1":"product","2":"type-product","3":"status-publish","4":"has-post-thumbnail","6":"product_brand-pokemon","7":"product_cat-collectibles","8":"product_tag-pokemon","10":"first","11":"instock","12":"purchasable","13":"product-type-simple"},"acf":[],"_links":{"self":[{"href":"http:\/\/54.76.153.246\/ar\/wp-json\/wp\/v2\/product\/38493","targetHints":{"allow":["GET"]}}],"collection":[{"href":"http:\/\/54.76.153.246\/ar\/wp-json\/wp\/v2\/product"}],"about":[{"href":"http:\/\/54.76.153.246\/ar\/wp-json\/wp\/v2\/types\/product"}],"replies":[{"embeddable":true,"href":"http:\/\/54.76.153.246\/ar\/wp-json\/wp\/v2\/comments?post=38493"}],"wp:featuredmedia":[{"embeddable":true,"href":"http:\/\/54.76.153.246\/ar\/wp-json\/wp\/v2\/media\/58496"}],"wp:attachment":[{"href":"http:\/\/54.76.153.246\/ar\/wp-json\/wp\/v2\/media?parent=38493"}],"wp:term":[{"taxonomy":"product_brand","embeddable":true,"href":"http:\/\/54.76.153.246\/ar\/wp-json\/wp\/v2\/product_brand?post=38493"},{"taxonomy":"product_cat","embeddable":true,"href":"http:\/\/54.76.153.246\/ar\/wp-json\/wp\/v2\/product_cat?post=38493"},{"taxonomy":"product_tag","embeddable":true,"href":"http:\/\/54.76.153.246\/ar\/wp-json\/wp\/v2\/product_tag?post=38493"}],"curies":[{"name":"\u062f\u0628\u0644\u064a\u0648 \u0628\u064a","href":"https:\/\/api.w.org\/{rel}","templated":true}]}}