{"id":38576,"date":"2025-06-17T13:00:38","date_gmt":"2025-06-17T13:00:38","guid":{"rendered":"http:\/\/18.196.36.165\/product\/maisto-124-rc-ferrari-laferrari-2-4-ghz-batteries-are-not-included\/"},"modified":"2025-07-02T11:24:22","modified_gmt":"2025-07-02T11:24:22","slug":"maisto-124-rc-ferrari-laferrari-2-4-ghz-batteries-are-not-included","status":"publish","type":"product","link":"http:\/\/54.76.153.246\/ar\/product\/maisto-124-rc-ferrari-laferrari-2-4-ghz-batteries-are-not-included\/","title":{"rendered":"Maisto 1:24 Rc &#8211; Ferrari Laferrari &#8211; 2.4 Ghz (Batteries Are Not Included)"},"content":{"rendered":"<p>Maisto Tech R\/C LaFerrari Fahrspa\u00df f\u00fcr angehende Rennfahrer. Ein Sportwagen der Extraklasse: Der LaFerrari gilt als der leistungst\u00e4rkste Zweisitzer des Autoherstellers Ferrari. Den schicken roten Flitzer gibt es nun auch in der ferngesteuerten Variante von Maisto Tech, sehr zur Freude kleiner und gro\u00df er Ferrari-Fans. Ob im Hof oder auf dem Spielplatz, mit diesem detailgetreuen RC Auto l\u00e4sst es sich wunderbar herumflitzen und Rennfahrer spielen. Der ferngesteuerte Rennwagen ist eine liebevolle, originalgetreue Nachbildung des LaFerrari in rot.<\/p>","protected":false},"excerpt":{"rendered":"<p>Maisto Tech R\/C LaFerrari Fahrspa\u00df f\u00fcr angehende Rennfahrer. Ein Sportwagen der Extraklasse: Der LaFerrari gilt als der leistungst\u00e4rkste Zweisitzer des Autoherstellers Ferrari. Den schicken roten Flitzer gibt es nun auch in der ferngesteuerten Variante von Maisto Tech, sehr zur Freude kleiner und gro\u00df er Ferrari-Fans. Ob im Hof oder auf dem Spielplatz, mit diesem detailgetreuen [&hellip;]<\/p>\n","protected":false},"featured_media":58344,"comment_status":"open","ping_status":"closed","template":"","meta":{"_acf_changed":false},"product_brand":[4388],"product_cat":[4197],"product_tag":[4382],"class_list":{"0":"post-38576","1":"product","2":"type-product","3":"status-publish","4":"has-post-thumbnail","6":"product_brand-maisto","7":"product_cat-remote-control","8":"product_tag-maisto","10":"first","11":"instock","12":"purchasable","13":"product-type-simple"},"acf":[],"_links":{"self":[{"href":"http:\/\/54.76.153.246\/ar\/wp-json\/wp\/v2\/product\/38576","targetHints":{"allow":["GET"]}}],"collection":[{"href":"http:\/\/54.76.153.246\/ar\/wp-json\/wp\/v2\/product"}],"about":[{"href":"http:\/\/54.76.153.246\/ar\/wp-json\/wp\/v2\/types\/product"}],"replies":[{"embeddable":true,"href":"http:\/\/54.76.153.246\/ar\/wp-json\/wp\/v2\/comments?post=38576"}],"wp:featuredmedia":[{"embeddable":true,"href":"http:\/\/54.76.153.246\/ar\/wp-json\/wp\/v2\/media\/58344"}],"wp:attachment":[{"href":"http:\/\/54.76.153.246\/ar\/wp-json\/wp\/v2\/media?parent=38576"}],"wp:term":[{"taxonomy":"product_brand","embeddable":true,"href":"http:\/\/54.76.153.246\/ar\/wp-json\/wp\/v2\/product_brand?post=38576"},{"taxonomy":"product_cat","embeddable":true,"href":"http:\/\/54.76.153.246\/ar\/wp-json\/wp\/v2\/product_cat?post=38576"},{"taxonomy":"product_tag","embeddable":true,"href":"http:\/\/54.76.153.246\/ar\/wp-json\/wp\/v2\/product_tag?post=38576"}],"curies":[{"name":"\u062f\u0628\u0644\u064a\u0648 \u0628\u064a","href":"https:\/\/api.w.org\/{rel}","templated":true}]}}