{"id":39660,"date":"2025-06-17T13:06:04","date_gmt":"2025-06-17T13:06:04","guid":{"rendered":"http:\/\/18.196.36.165\/product\/mattel-mega-bloks-pokemon-build-show-charmander\/"},"modified":"2025-07-02T08:56:18","modified_gmt":"2025-07-02T08:56:18","slug":"mattel-mega-bloks-pokemon-build-show-charmander","status":"publish","type":"product","link":"http:\/\/54.76.153.246\/ar\/product\/mattel-mega-bloks-pokemon-build-show-charmander\/","title":{"rendered":"Mattel Mega Bloks Pokemon Build &#038; Show Charmander"},"content":{"rendered":"<p>Pok\u00e9mon fans can build even bigger battles with Charmander! Take your Pok\u00e9mon training up a notch with Charmander! Build bigger battles with this Fire-type Pok\u00e9mon that stands over 4-inches tall, and create a heroic stance by posing it in different battle-ready positions. Then heat things up when you add Charmander&#8217;s Fire-type attack details. It&#8217;s time to take your training to new heights! Ideal for Wonder Builders, ages 7 and up<\/p>","protected":false},"excerpt":{"rendered":"<p>Pok\u00e9mon fans can build even bigger battles with Charmander! Take your Pok\u00e9mon training up a notch with Charmander! Build bigger battles with this Fire-type Pok\u00e9mon that stands over 4-inches tall, and create a heroic stance by posing it in different battle-ready positions. Then heat things up when you add Charmander&#8217;s Fire-type attack details. It&#8217;s time [&hellip;]<\/p>\n","protected":false},"featured_media":57788,"comment_status":"open","ping_status":"closed","template":"","meta":{"_acf_changed":false},"product_brand":[4224],"product_cat":[1925],"product_tag":[4221],"class_list":{"0":"post-39660","1":"product","2":"type-product","3":"status-publish","4":"has-post-thumbnail","6":"product_brand-mattel","7":"product_cat-educational-toys-toys-games","8":"product_tag-mattel","10":"first","11":"instock","12":"purchasable","13":"product-type-simple"},"acf":[],"_links":{"self":[{"href":"http:\/\/54.76.153.246\/ar\/wp-json\/wp\/v2\/product\/39660","targetHints":{"allow":["GET"]}}],"collection":[{"href":"http:\/\/54.76.153.246\/ar\/wp-json\/wp\/v2\/product"}],"about":[{"href":"http:\/\/54.76.153.246\/ar\/wp-json\/wp\/v2\/types\/product"}],"replies":[{"embeddable":true,"href":"http:\/\/54.76.153.246\/ar\/wp-json\/wp\/v2\/comments?post=39660"}],"wp:featuredmedia":[{"embeddable":true,"href":"http:\/\/54.76.153.246\/ar\/wp-json\/wp\/v2\/media\/57788"}],"wp:attachment":[{"href":"http:\/\/54.76.153.246\/ar\/wp-json\/wp\/v2\/media?parent=39660"}],"wp:term":[{"taxonomy":"product_brand","embeddable":true,"href":"http:\/\/54.76.153.246\/ar\/wp-json\/wp\/v2\/product_brand?post=39660"},{"taxonomy":"product_cat","embeddable":true,"href":"http:\/\/54.76.153.246\/ar\/wp-json\/wp\/v2\/product_cat?post=39660"},{"taxonomy":"product_tag","embeddable":true,"href":"http:\/\/54.76.153.246\/ar\/wp-json\/wp\/v2\/product_tag?post=39660"}],"curies":[{"name":"\u062f\u0628\u0644\u064a\u0648 \u0628\u064a","href":"https:\/\/api.w.org\/{rel}","templated":true}]}}