{"id":39883,"date":"2025-06-17T13:07:10","date_gmt":"2025-06-17T13:07:10","guid":{"rendered":"http:\/\/18.196.36.165\/product\/pokemon-squishmallow-20-assorted-w3\/"},"modified":"2025-07-01T10:45:53","modified_gmt":"2025-07-01T10:45:53","slug":"pokemon-squishmallow-20-assorted-w3","status":"publish","type":"product","link":"http:\/\/54.76.153.246\/ar\/product\/pokemon-squishmallow-20-assorted-w3\/","title":{"rendered":"Pokemon Squishmallow 20&#8243; Assorted W3"},"content":{"rendered":"<p>SQUAD UP Grow your Squishmallows Squad with this Medium, super-soft, collectible Pok\u00e9mon plush.<br \/>\nPOK\u00c9MON PLUSH Bring home the fun with the iconic Pok\u00e9mon, Piplup!<br \/>\nULTRA-SOFT Original Squishmallows plush are made with soft, high-quality materials.<br \/>\nCOLLECTIBLE Look for other Squishmallows extensions, including Flip-A-Mallows, HugMees, Mystery Squad, and Stackables by Squishmallows.<\/p>","protected":false},"excerpt":{"rendered":"<p>SQUAD UP Grow your Squishmallows Squad with this Medium, super-soft, collectible Pok\u00e9mon plush. POK\u00c9MON PLUSH Bring home the fun with the iconic Pok\u00e9mon, Piplup! ULTRA-SOFT Original Squishmallows plush are made with soft, high-quality materials. COLLECTIBLE Look for other Squishmallows extensions, including Flip-A-Mallows, HugMees, Mystery Squad, and Stackables by Squishmallows.<\/p>","protected":false},"featured_media":56707,"comment_status":"open","ping_status":"closed","template":"","meta":{"_acf_changed":false},"product_brand":[4188],"product_cat":[4160],"product_tag":[4181],"class_list":{"0":"post-39883","1":"product","2":"type-product","3":"status-publish","4":"has-post-thumbnail","6":"product_brand-pokemon","7":"product_cat-soft-toys","8":"product_tag-pokemon","10":"first","11":"instock","12":"purchasable","13":"product-type-simple"},"acf":[],"_links":{"self":[{"href":"http:\/\/54.76.153.246\/ar\/wp-json\/wp\/v2\/product\/39883","targetHints":{"allow":["GET"]}}],"collection":[{"href":"http:\/\/54.76.153.246\/ar\/wp-json\/wp\/v2\/product"}],"about":[{"href":"http:\/\/54.76.153.246\/ar\/wp-json\/wp\/v2\/types\/product"}],"replies":[{"embeddable":true,"href":"http:\/\/54.76.153.246\/ar\/wp-json\/wp\/v2\/comments?post=39883"}],"wp:featuredmedia":[{"embeddable":true,"href":"http:\/\/54.76.153.246\/ar\/wp-json\/wp\/v2\/media\/56707"}],"wp:attachment":[{"href":"http:\/\/54.76.153.246\/ar\/wp-json\/wp\/v2\/media?parent=39883"}],"wp:term":[{"taxonomy":"product_brand","embeddable":true,"href":"http:\/\/54.76.153.246\/ar\/wp-json\/wp\/v2\/product_brand?post=39883"},{"taxonomy":"product_cat","embeddable":true,"href":"http:\/\/54.76.153.246\/ar\/wp-json\/wp\/v2\/product_cat?post=39883"},{"taxonomy":"product_tag","embeddable":true,"href":"http:\/\/54.76.153.246\/ar\/wp-json\/wp\/v2\/product_tag?post=39883"}],"curies":[{"name":"\u062f\u0628\u0644\u064a\u0648 \u0628\u064a","href":"https:\/\/api.w.org\/{rel}","templated":true}]}}