{"id":39888,"date":"2025-06-17T13:07:11","date_gmt":"2025-06-17T13:07:11","guid":{"rendered":"http:\/\/18.196.36.165\/product\/pokemon-squishmallow-clefairy-10\/"},"modified":"2025-07-01T10:00:15","modified_gmt":"2025-07-01T10:00:15","slug":"pokemon-squishmallow-clefairy-10","status":"publish","type":"product","link":"http:\/\/54.76.153.246\/ar\/product\/pokemon-squishmallow-clefairy-10\/","title":{"rendered":"Pokemon Squishmallow Clefairy 10&#8243;"},"content":{"rendered":"<p>Everyone&#8217;s favourite Fairy-type Pok\u00e9mon joins the Squishmallow troupe: Piepi! This ultra-collectable, ultra-squishy Pok\u00e9mon plush is made from soft, high-quality materials. This Pok\u00e9mon collectible is perfect for cuddling up during long car trips, sleepovers and any other moment of your Pok\u00e9mon journey! This authentic squishmallow plush is easy to clean, hand wash and then air dry. Join forces with your favourite Pok\u00e9mon! Join the troupe! Officially licensed by The Pok\u00e9mon Company International!<\/p>","protected":false},"excerpt":{"rendered":"<p>Everyone&#8217;s favourite Fairy-type Pok\u00e9mon joins the Squishmallow troupe: Piepi! This ultra-collectable, ultra-squishy Pok\u00e9mon plush is made from soft, high-quality materials. This Pok\u00e9mon collectible is perfect for cuddling up during long car trips, sleepovers and any other moment of your Pok\u00e9mon journey! This authentic squishmallow plush is easy to clean, hand wash and then air dry. [&hellip;]<\/p>\n","protected":false},"featured_media":56595,"comment_status":"open","ping_status":"closed","template":"","meta":{"_acf_changed":false},"product_brand":[4188],"product_cat":[4160],"product_tag":[4181],"class_list":{"0":"post-39888","1":"product","2":"type-product","3":"status-publish","4":"has-post-thumbnail","6":"product_brand-pokemon","7":"product_cat-soft-toys","8":"product_tag-pokemon","10":"first","11":"instock","12":"purchasable","13":"product-type-simple"},"acf":[],"_links":{"self":[{"href":"http:\/\/54.76.153.246\/ar\/wp-json\/wp\/v2\/product\/39888","targetHints":{"allow":["GET"]}}],"collection":[{"href":"http:\/\/54.76.153.246\/ar\/wp-json\/wp\/v2\/product"}],"about":[{"href":"http:\/\/54.76.153.246\/ar\/wp-json\/wp\/v2\/types\/product"}],"replies":[{"embeddable":true,"href":"http:\/\/54.76.153.246\/ar\/wp-json\/wp\/v2\/comments?post=39888"}],"wp:featuredmedia":[{"embeddable":true,"href":"http:\/\/54.76.153.246\/ar\/wp-json\/wp\/v2\/media\/56595"}],"wp:attachment":[{"href":"http:\/\/54.76.153.246\/ar\/wp-json\/wp\/v2\/media?parent=39888"}],"wp:term":[{"taxonomy":"product_brand","embeddable":true,"href":"http:\/\/54.76.153.246\/ar\/wp-json\/wp\/v2\/product_brand?post=39888"},{"taxonomy":"product_cat","embeddable":true,"href":"http:\/\/54.76.153.246\/ar\/wp-json\/wp\/v2\/product_cat?post=39888"},{"taxonomy":"product_tag","embeddable":true,"href":"http:\/\/54.76.153.246\/ar\/wp-json\/wp\/v2\/product_tag?post=39888"}],"curies":[{"name":"\u062f\u0628\u0644\u064a\u0648 \u0628\u064a","href":"https:\/\/api.w.org\/{rel}","templated":true}]}}