{"id":41272,"date":"2025-06-17T13:14:34","date_gmt":"2025-06-17T13:14:34","guid":{"rendered":"http:\/\/18.196.36.165\/product\/pokemon-battle-fig-1st-partner-3-6-assorted-2\/"},"modified":"2025-06-24T15:01:41","modified_gmt":"2025-06-24T15:01:41","slug":"pokemon-battle-fig-1st-partner-3-6-assorted-2","status":"publish","type":"product","link":"http:\/\/54.76.153.246\/ar\/product\/pokemon-battle-fig-1st-partner-3-6-assorted-2\/","title":{"rendered":"Pokemon Battle Fig 1St Partner 3 6 Assorted 2"},"content":{"rendered":"<p>Experience the thrill of Pok\u00e9mon battles with these Battle Figure 2-packs! Become a true Pok\u00e9mon trainer and battle against your friends. This pack includes two cool Pok\u00e9mon figures ready to engage in combat. Explore their unique abilities and strategies, and see which Pok\u00e9mon will emerge victorious! Create your own exciting battles and become a master of Pok\u00e9mon training. Perfect for collectors and enthusiasts alike. Don&#8217;t miss out on this amazing opportunity to expand your Pok\u00e9mon world!<\/p>","protected":false},"excerpt":{"rendered":"<p>Experience the thrill of Pok\u00e9mon battles with these Battle Figure 2-packs! Become a true Pok\u00e9mon trainer and battle against your friends. This pack includes two cool Pok\u00e9mon figures ready to engage in combat. Explore their unique abilities and strategies, and see which Pok\u00e9mon will emerge victorious! Create your own exciting battles and become a master [&hellip;]<\/p>\n","protected":false},"featured_media":51573,"comment_status":"open","ping_status":"closed","template":"","meta":{"_acf_changed":false},"product_brand":[4188],"product_cat":[4164],"product_tag":[4181],"class_list":{"0":"post-41272","1":"product","2":"type-product","3":"status-publish","4":"has-post-thumbnail","6":"product_brand-pokemon","7":"product_cat-collectibles","8":"product_tag-pokemon","10":"first","11":"outofstock","12":"purchasable","13":"product-type-simple"},"acf":[],"_links":{"self":[{"href":"http:\/\/54.76.153.246\/ar\/wp-json\/wp\/v2\/product\/41272","targetHints":{"allow":["GET"]}}],"collection":[{"href":"http:\/\/54.76.153.246\/ar\/wp-json\/wp\/v2\/product"}],"about":[{"href":"http:\/\/54.76.153.246\/ar\/wp-json\/wp\/v2\/types\/product"}],"replies":[{"embeddable":true,"href":"http:\/\/54.76.153.246\/ar\/wp-json\/wp\/v2\/comments?post=41272"}],"wp:featuredmedia":[{"embeddable":true,"href":"http:\/\/54.76.153.246\/ar\/wp-json\/wp\/v2\/media\/51573"}],"wp:attachment":[{"href":"http:\/\/54.76.153.246\/ar\/wp-json\/wp\/v2\/media?parent=41272"}],"wp:term":[{"taxonomy":"product_brand","embeddable":true,"href":"http:\/\/54.76.153.246\/ar\/wp-json\/wp\/v2\/product_brand?post=41272"},{"taxonomy":"product_cat","embeddable":true,"href":"http:\/\/54.76.153.246\/ar\/wp-json\/wp\/v2\/product_cat?post=41272"},{"taxonomy":"product_tag","embeddable":true,"href":"http:\/\/54.76.153.246\/ar\/wp-json\/wp\/v2\/product_tag?post=41272"}],"curies":[{"name":"\u062f\u0628\u0644\u064a\u0648 \u0628\u064a","href":"https:\/\/api.w.org\/{rel}","templated":true}]}}