{"id":42336,"date":"2025-06-17T13:20:29","date_gmt":"2025-06-17T13:20:29","guid":{"rendered":"http:\/\/18.196.36.165\/product\/pokemon-squishmallow-10-pdq6-woc\/"},"modified":"2025-06-28T12:21:15","modified_gmt":"2025-06-28T12:21:15","slug":"pokemon-squishmallow-10-pdq6-woc","status":"publish","type":"product","link":"http:\/\/54.76.153.246\/ar\/product\/pokemon-squishmallow-10-pdq6-woc\/","title":{"rendered":"Pokemon Squishmallow 10 Pdq6 Woc"},"content":{"rendered":"<p>Everyone\u2019s favourite Normal-type and Fairy-type Pok\u00e9mon are joining the Squishmallows Squad, Snorlax &amp; Togepi!<br \/>\n26,These ultra-collectible, ultra-squeezable Pok\u00e9mon plush is made with soft, high-quality materials. These Pok\u00e9mon collectibles are perfect to snuggle with during long car rides, sleepovers, and any other moment in your Pok\u00e9mon journey! These authentic Squishmallows plush are easy to clean, hand wash, then air dry. Squad up with your favorite Pok\u00e9mon! Join the Squad! Officially licensed by The Pok\u00e9mon Company International!<\/p>","protected":false},"excerpt":{"rendered":"<p>Everyone\u2019s favourite Normal-type and Fairy-type Pok\u00e9mon are joining the Squishmallows Squad, Snorlax &amp; Togepi! 26,These ultra-collectible, ultra-squeezable Pok\u00e9mon plush is made with soft, high-quality materials. These Pok\u00e9mon collectibles are perfect to snuggle with during long car rides, sleepovers, and any other moment in your Pok\u00e9mon journey! These authentic Squishmallows plush are easy to clean, hand [&hellip;]<\/p>\n","protected":false},"featured_media":53993,"comment_status":"open","ping_status":"closed","template":"","meta":{"_acf_changed":false},"product_brand":[4188],"product_cat":[4160],"product_tag":[4181],"class_list":{"0":"post-42336","1":"product","2":"type-product","3":"status-publish","4":"has-post-thumbnail","6":"product_brand-pokemon","7":"product_cat-soft-toys","8":"product_tag-pokemon","10":"first","11":"instock","12":"purchasable","13":"product-type-simple"},"acf":[],"_links":{"self":[{"href":"http:\/\/54.76.153.246\/ar\/wp-json\/wp\/v2\/product\/42336","targetHints":{"allow":["GET"]}}],"collection":[{"href":"http:\/\/54.76.153.246\/ar\/wp-json\/wp\/v2\/product"}],"about":[{"href":"http:\/\/54.76.153.246\/ar\/wp-json\/wp\/v2\/types\/product"}],"replies":[{"embeddable":true,"href":"http:\/\/54.76.153.246\/ar\/wp-json\/wp\/v2\/comments?post=42336"}],"wp:featuredmedia":[{"embeddable":true,"href":"http:\/\/54.76.153.246\/ar\/wp-json\/wp\/v2\/media\/53993"}],"wp:attachment":[{"href":"http:\/\/54.76.153.246\/ar\/wp-json\/wp\/v2\/media?parent=42336"}],"wp:term":[{"taxonomy":"product_brand","embeddable":true,"href":"http:\/\/54.76.153.246\/ar\/wp-json\/wp\/v2\/product_brand?post=42336"},{"taxonomy":"product_cat","embeddable":true,"href":"http:\/\/54.76.153.246\/ar\/wp-json\/wp\/v2\/product_cat?post=42336"},{"taxonomy":"product_tag","embeddable":true,"href":"http:\/\/54.76.153.246\/ar\/wp-json\/wp\/v2\/product_tag?post=42336"}],"curies":[{"name":"\u062f\u0628\u0644\u064a\u0648 \u0628\u064a","href":"https:\/\/api.w.org\/{rel}","templated":true}]}}