{"id":43260,"date":"2025-06-17T13:25:57","date_gmt":"2025-06-17T13:25:57","guid":{"rendered":"http:\/\/18.196.36.165\/product\/pokemon-tcg-my-first-battle\/"},"modified":"2025-06-25T14:53:57","modified_gmt":"2025-06-25T14:53:57","slug":"pokemon-tcg-my-first-battle","status":"publish","type":"product","link":"http:\/\/54.76.153.246\/ar\/product\/pokemon-tcg-my-first-battle\/","title":{"rendered":"Pokemon Tcg: My First Battle"},"content":{"rendered":"<p>Your Pok\u00e9mon TCG adventure starts here! If you&#8217;ve always wanted to play the Pok\u00e9mon Trading Card Game with family and friends, the Pok\u00e9mon TCG: My First Battle set is the perfect introduction. With a streamlined game and foolproof guidance, you&#8217;ll be ready to train and battle together. Everything you need for two players is included!<\/p>","protected":false},"excerpt":{"rendered":"<p>Your Pok\u00e9mon TCG adventure starts here! If you&#8217;ve always wanted to play the Pok\u00e9mon Trading Card Game with family and friends, the Pok\u00e9mon TCG: My First Battle set is the perfect introduction. With a streamlined game and foolproof guidance, you&#8217;ll be ready to train and battle together. Everything you need for two players is included!<\/p>","protected":false},"featured_media":52701,"comment_status":"open","ping_status":"closed","template":"","meta":{"_acf_changed":false},"product_brand":[4188],"product_cat":[1925],"product_tag":[4181],"class_list":{"0":"post-43260","1":"product","2":"type-product","3":"status-publish","4":"has-post-thumbnail","6":"product_brand-pokemon","7":"product_cat-educational-toys-toys-games","8":"product_tag-pokemon","10":"first","11":"instock","12":"purchasable","13":"product-type-simple"},"acf":[],"_links":{"self":[{"href":"http:\/\/54.76.153.246\/ar\/wp-json\/wp\/v2\/product\/43260","targetHints":{"allow":["GET"]}}],"collection":[{"href":"http:\/\/54.76.153.246\/ar\/wp-json\/wp\/v2\/product"}],"about":[{"href":"http:\/\/54.76.153.246\/ar\/wp-json\/wp\/v2\/types\/product"}],"replies":[{"embeddable":true,"href":"http:\/\/54.76.153.246\/ar\/wp-json\/wp\/v2\/comments?post=43260"}],"wp:featuredmedia":[{"embeddable":true,"href":"http:\/\/54.76.153.246\/ar\/wp-json\/wp\/v2\/media\/52701"}],"wp:attachment":[{"href":"http:\/\/54.76.153.246\/ar\/wp-json\/wp\/v2\/media?parent=43260"}],"wp:term":[{"taxonomy":"product_brand","embeddable":true,"href":"http:\/\/54.76.153.246\/ar\/wp-json\/wp\/v2\/product_brand?post=43260"},{"taxonomy":"product_cat","embeddable":true,"href":"http:\/\/54.76.153.246\/ar\/wp-json\/wp\/v2\/product_cat?post=43260"},{"taxonomy":"product_tag","embeddable":true,"href":"http:\/\/54.76.153.246\/ar\/wp-json\/wp\/v2\/product_tag?post=43260"}],"curies":[{"name":"\u062f\u0628\u0644\u064a\u0648 \u0628\u064a","href":"https:\/\/api.w.org\/{rel}","templated":true}]}}