{"id":43737,"date":"2025-06-17T13:28:54","date_gmt":"2025-06-17T13:28:54","guid":{"rendered":"http:\/\/18.196.36.165\/product\/pokemon-cary-case-playset\/"},"modified":"2025-06-24T13:45:13","modified_gmt":"2025-06-24T13:45:13","slug":"pokemon-cary-case-playset","status":"publish","type":"product","link":"http:\/\/54.76.153.246\/ar\/product\/pokemon-cary-case-playset\/","title":{"rendered":"Pokemon Cary Case Playset"},"content":{"rendered":"<p>Discover the world of Pok\u00e9mon and take it with you wherever you go with the Pok\u00e9mon Carrying Case Set! With tons of features like a boundary rock, trap door, battle area, hidden cave, rotating hot tub, and much more, Pok\u00e9mon World has never been brought to life like this. The Pok\u00e9mon Carry Case set is scaled for any 2-inch Pok\u00e9mon figure and easily folds into an iconic backpack. I have to catch them all! From 4 years.<\/p>","protected":false},"excerpt":{"rendered":"<p>Discover the world of Pok\u00e9mon and take it with you wherever you go with the Pok\u00e9mon Carrying Case Set! With tons of features like a boundary rock, trap door, battle area, hidden cave, rotating hot tub, and much more, Pok\u00e9mon World has never been brought to life like this. The Pok\u00e9mon Carry Case set is [&hellip;]<\/p>\n","protected":false},"featured_media":51433,"comment_status":"open","ping_status":"closed","template":"","meta":{"_acf_changed":false},"product_brand":[4188],"product_cat":[4164],"product_tag":[4181],"class_list":{"0":"post-43737","1":"product","2":"type-product","3":"status-publish","4":"has-post-thumbnail","6":"product_brand-pokemon","7":"product_cat-collectibles","8":"product_tag-pokemon","10":"first","11":"outofstock","12":"purchasable","13":"product-type-simple"},"acf":[],"_links":{"self":[{"href":"http:\/\/54.76.153.246\/ar\/wp-json\/wp\/v2\/product\/43737","targetHints":{"allow":["GET"]}}],"collection":[{"href":"http:\/\/54.76.153.246\/ar\/wp-json\/wp\/v2\/product"}],"about":[{"href":"http:\/\/54.76.153.246\/ar\/wp-json\/wp\/v2\/types\/product"}],"replies":[{"embeddable":true,"href":"http:\/\/54.76.153.246\/ar\/wp-json\/wp\/v2\/comments?post=43737"}],"wp:featuredmedia":[{"embeddable":true,"href":"http:\/\/54.76.153.246\/ar\/wp-json\/wp\/v2\/media\/51433"}],"wp:attachment":[{"href":"http:\/\/54.76.153.246\/ar\/wp-json\/wp\/v2\/media?parent=43737"}],"wp:term":[{"taxonomy":"product_brand","embeddable":true,"href":"http:\/\/54.76.153.246\/ar\/wp-json\/wp\/v2\/product_brand?post=43737"},{"taxonomy":"product_cat","embeddable":true,"href":"http:\/\/54.76.153.246\/ar\/wp-json\/wp\/v2\/product_cat?post=43737"},{"taxonomy":"product_tag","embeddable":true,"href":"http:\/\/54.76.153.246\/ar\/wp-json\/wp\/v2\/product_tag?post=43737"}],"curies":[{"name":"\u062f\u0628\u0644\u064a\u0648 \u0628\u064a","href":"https:\/\/api.w.org\/{rel}","templated":true}]}}