{"id":44139,"date":"2025-06-17T13:31:11","date_gmt":"2025-06-17T13:31:11","guid":{"rendered":"http:\/\/18.196.36.165\/product\/pokemon-tcg-scarlet-violet-sv01-booster\/"},"modified":"2025-06-26T07:30:06","modified_gmt":"2025-06-26T07:30:06","slug":"pokemon-tcg-scarlet-violet-sv01-booster","status":"publish","type":"product","link":"http:\/\/54.76.153.246\/ar\/product\/pokemon-tcg-scarlet-violet-sv01-booster\/","title":{"rendered":"Pokemon Tcg: Scarlet &#038; Violet (Sv01) Booster"},"content":{"rendered":"<p>Set out for a journey in the Paldea region! Meet first partners Sprigatito, Fuecoco, and Quaxly, and explore the power of the Legendary Pok\u00e9mon Koraidon and Miraidon as Pok\u00e9mon ex. Other Pok\u00e9mon ex evolve their way into battle\u2014including Arcanine and Gyarados with a dazzling new look. Even more Pok\u00e9mon appear as illustration rare cards with amazing artwork\u2014discover them all in the Pok\u00e9mon TCG: Scarlet &amp; Violet expansion!<\/p>","protected":false},"excerpt":{"rendered":"<p>Set out for a journey in the Paldea region! Meet first partners Sprigatito, Fuecoco, and Quaxly, and explore the power of the Legendary Pok\u00e9mon Koraidon and Miraidon as Pok\u00e9mon ex. Other Pok\u00e9mon ex evolve their way into battle\u2014including Arcanine and Gyarados with a dazzling new look. Even more Pok\u00e9mon appear as illustration rare cards with [&hellip;]<\/p>\n","protected":false},"featured_media":52814,"comment_status":"open","ping_status":"closed","template":"","meta":{"_acf_changed":false},"product_brand":[4188],"product_cat":[4164],"product_tag":[4181],"class_list":{"0":"post-44139","1":"product","2":"type-product","3":"status-publish","4":"has-post-thumbnail","6":"product_brand-pokemon","7":"product_cat-collectibles","8":"product_tag-pokemon","10":"first","11":"outofstock","12":"purchasable","13":"product-type-simple"},"acf":[],"_links":{"self":[{"href":"http:\/\/54.76.153.246\/ar\/wp-json\/wp\/v2\/product\/44139","targetHints":{"allow":["GET"]}}],"collection":[{"href":"http:\/\/54.76.153.246\/ar\/wp-json\/wp\/v2\/product"}],"about":[{"href":"http:\/\/54.76.153.246\/ar\/wp-json\/wp\/v2\/types\/product"}],"replies":[{"embeddable":true,"href":"http:\/\/54.76.153.246\/ar\/wp-json\/wp\/v2\/comments?post=44139"}],"wp:featuredmedia":[{"embeddable":true,"href":"http:\/\/54.76.153.246\/ar\/wp-json\/wp\/v2\/media\/52814"}],"wp:attachment":[{"href":"http:\/\/54.76.153.246\/ar\/wp-json\/wp\/v2\/media?parent=44139"}],"wp:term":[{"taxonomy":"product_brand","embeddable":true,"href":"http:\/\/54.76.153.246\/ar\/wp-json\/wp\/v2\/product_brand?post=44139"},{"taxonomy":"product_cat","embeddable":true,"href":"http:\/\/54.76.153.246\/ar\/wp-json\/wp\/v2\/product_cat?post=44139"},{"taxonomy":"product_tag","embeddable":true,"href":"http:\/\/54.76.153.246\/ar\/wp-json\/wp\/v2\/product_tag?post=44139"}],"curies":[{"name":"\u062f\u0628\u0644\u064a\u0648 \u0628\u064a","href":"https:\/\/api.w.org\/{rel}","templated":true}]}}