{"id":45203,"date":"2025-06-17T13:37:57","date_gmt":"2025-06-17T13:37:57","guid":{"rendered":"http:\/\/18.196.36.165\/product\/mattel-mega-bloks-mega-construx-power-pack\/"},"modified":"2025-06-22T14:20:38","modified_gmt":"2025-06-22T14:20:38","slug":"mattel-mega-bloks-mega-construx-power-pack","status":"publish","type":"product","link":"http:\/\/54.76.153.246\/ar\/product\/mattel-mega-bloks-mega-construx-power-pack\/","title":{"rendered":"Mattel Mega Bloks Mega Construx &#8211; Power Pack"},"content":{"rendered":"<p>Bring to life two of your favorite Pok\u00e9mon, Ivysaur or Sirfetch&#8217;d, and perform action-packed battle moves. Each Pok\u00e9mon has an action feature to create an authentic battle effect. Choose your favorite Pok\u00e9mon or collect both of the series. Each sold separately. Characters, themes and details may vary. Wonder Builders construction games are designed for ages 6 and up<\/p>","protected":false},"excerpt":{"rendered":"<p>Bring to life two of your favorite Pok\u00e9mon, Ivysaur or Sirfetch&#8217;d, and perform action-packed battle moves. Each Pok\u00e9mon has an action feature to create an authentic battle effect. Choose your favorite Pok\u00e9mon or collect both of the series. Each sold separately. Characters, themes and details may vary. Wonder Builders construction games are designed for ages [&hellip;]<\/p>\n","protected":false},"featured_media":49663,"comment_status":"open","ping_status":"closed","template":"","meta":{"_acf_changed":false},"product_brand":[4224],"product_cat":[1925],"product_tag":[4221],"class_list":{"0":"post-45203","1":"product","2":"type-product","3":"status-publish","4":"has-post-thumbnail","6":"product_brand-mattel","7":"product_cat-educational-toys-toys-games","8":"product_tag-mattel","10":"first","11":"instock","12":"purchasable","13":"product-type-simple"},"acf":[],"_links":{"self":[{"href":"http:\/\/54.76.153.246\/ar\/wp-json\/wp\/v2\/product\/45203","targetHints":{"allow":["GET"]}}],"collection":[{"href":"http:\/\/54.76.153.246\/ar\/wp-json\/wp\/v2\/product"}],"about":[{"href":"http:\/\/54.76.153.246\/ar\/wp-json\/wp\/v2\/types\/product"}],"replies":[{"embeddable":true,"href":"http:\/\/54.76.153.246\/ar\/wp-json\/wp\/v2\/comments?post=45203"}],"wp:featuredmedia":[{"embeddable":true,"href":"http:\/\/54.76.153.246\/ar\/wp-json\/wp\/v2\/media\/49663"}],"wp:attachment":[{"href":"http:\/\/54.76.153.246\/ar\/wp-json\/wp\/v2\/media?parent=45203"}],"wp:term":[{"taxonomy":"product_brand","embeddable":true,"href":"http:\/\/54.76.153.246\/ar\/wp-json\/wp\/v2\/product_brand?post=45203"},{"taxonomy":"product_cat","embeddable":true,"href":"http:\/\/54.76.153.246\/ar\/wp-json\/wp\/v2\/product_cat?post=45203"},{"taxonomy":"product_tag","embeddable":true,"href":"http:\/\/54.76.153.246\/ar\/wp-json\/wp\/v2\/product_tag?post=45203"}],"curies":[{"name":"\u062f\u0628\u0644\u064a\u0648 \u0628\u064a","href":"https:\/\/api.w.org\/{rel}","templated":true}]}}