{"id":45626,"date":"2025-06-17T13:40:49","date_gmt":"2025-06-17T13:40:49","guid":{"rendered":"http:\/\/18.196.36.165\/product\/pokemon-tcg-swsh-10-astral-radiance-boosters\/"},"modified":"2025-06-22T15:21:16","modified_gmt":"2025-06-22T15:21:16","slug":"pokemon-tcg-swsh-10-astral-radiance-boosters","status":"publish","type":"product","link":"http:\/\/54.76.153.246\/ar\/product\/pokemon-tcg-swsh-10-astral-radiance-boosters\/","title":{"rendered":"Pokemon Tcg: Swsh-10 Astral Radiance Boosters"},"content":{"rendered":"<p>Travel back to a land of myths, legends, and wilderness as Origin Forme Dialga VSTAR and Origin Forme Palkia VSTAR shape the fabric of time and space! Decidueye, Typhlosion, and Samurott arrive as Hisuian Pok\u00e9mon VSTAR, joining more Pok\u00e9mon and Trainers from the ancient region of Hisui. Meanwhile, Shiny Pok\u00e9mon reappear as Radiant Pok\u00e9mon, with Radiant Greninja leading the charge in the Pok\u00e9mon TCG: Sword &amp; Shield\u2014Astral Radiance expansion!<\/p>","protected":false},"excerpt":{"rendered":"<p>Travel back to a land of myths, legends, and wilderness as Origin Forme Dialga VSTAR and Origin Forme Palkia VSTAR shape the fabric of time and space! Decidueye, Typhlosion, and Samurott arrive as Hisuian Pok\u00e9mon VSTAR, joining more Pok\u00e9mon and Trainers from the ancient region of Hisui. Meanwhile, Shiny Pok\u00e9mon reappear as Radiant Pok\u00e9mon, with [&hellip;]<\/p>\n","protected":false},"featured_media":49746,"comment_status":"open","ping_status":"closed","template":"","meta":{"_acf_changed":false},"product_brand":[4188],"product_cat":[4164],"product_tag":[4181],"class_list":{"0":"post-45626","1":"product","2":"type-product","3":"status-publish","4":"has-post-thumbnail","6":"product_brand-pokemon","7":"product_cat-collectibles","8":"product_tag-pokemon","10":"first","11":"outofstock","12":"purchasable","13":"product-type-simple"},"acf":[],"_links":{"self":[{"href":"http:\/\/54.76.153.246\/ar\/wp-json\/wp\/v2\/product\/45626","targetHints":{"allow":["GET"]}}],"collection":[{"href":"http:\/\/54.76.153.246\/ar\/wp-json\/wp\/v2\/product"}],"about":[{"href":"http:\/\/54.76.153.246\/ar\/wp-json\/wp\/v2\/types\/product"}],"replies":[{"embeddable":true,"href":"http:\/\/54.76.153.246\/ar\/wp-json\/wp\/v2\/comments?post=45626"}],"wp:featuredmedia":[{"embeddable":true,"href":"http:\/\/54.76.153.246\/ar\/wp-json\/wp\/v2\/media\/49746"}],"wp:attachment":[{"href":"http:\/\/54.76.153.246\/ar\/wp-json\/wp\/v2\/media?parent=45626"}],"wp:term":[{"taxonomy":"product_brand","embeddable":true,"href":"http:\/\/54.76.153.246\/ar\/wp-json\/wp\/v2\/product_brand?post=45626"},{"taxonomy":"product_cat","embeddable":true,"href":"http:\/\/54.76.153.246\/ar\/wp-json\/wp\/v2\/product_cat?post=45626"},{"taxonomy":"product_tag","embeddable":true,"href":"http:\/\/54.76.153.246\/ar\/wp-json\/wp\/v2\/product_tag?post=45626"}],"curies":[{"name":"\u062f\u0628\u0644\u064a\u0648 \u0628\u064a","href":"https:\/\/api.w.org\/{rel}","templated":true}]}}