{"id":45849,"date":"2025-06-17T13:42:18","date_gmt":"2025-06-17T13:42:18","guid":{"rendered":"http:\/\/18.196.36.165\/product\/crayola-signature-make-your-own-ombre-macrame\/"},"modified":"2025-06-22T08:36:10","modified_gmt":"2025-06-22T08:36:10","slug":"crayola-signature-make-your-own-ombre-macrame","status":"publish","type":"product","link":"http:\/\/54.76.153.246\/ar\/product\/crayola-signature-make-your-own-ombre-macrame\/","title":{"rendered":"Crayola Signature, Make Your Own Ombre&#8217; Macrame&#8217;"},"content":{"rendered":"<p>The Crayola Signature Macram\u00e9 Wall Art Kit provides all you need to decorate a homemade wall hanging in 60 minutes or less! Color the macram\u00e9 strings with Crayola Signature Markers to create beautiful ombre designs. Then, assemble into a piece of macram\u00e9 wall art you can hang at home or in the office! This kit includes an 8\u201d Wooden Dowel, 12 (56\u201d) Strands of Macram\u00e9 String, 4 Signature Brush Tip Markers, 1 Pair of Gloves, and 1 Instruction Guide. Makes a great gift for teens and adults, ages 14 and up.<\/p>","protected":false},"excerpt":{"rendered":"<p>The Crayola Signature Macram\u00e9 Wall Art Kit provides all you need to decorate a homemade wall hanging in 60 minutes or less! Color the macram\u00e9 strings with Crayola Signature Markers to create beautiful ombre designs. Then, assemble into a piece of macram\u00e9 wall art you can hang at home or in the office! This kit [&hellip;]<\/p>\n","protected":false},"featured_media":49057,"comment_status":"open","ping_status":"closed","template":"","meta":{"_acf_changed":false},"product_brand":[4222],"product_cat":[4187],"product_tag":[4219],"class_list":{"0":"post-45849","1":"product","2":"type-product","3":"status-publish","4":"has-post-thumbnail","6":"product_brand-crayola","7":"product_cat-arts-crafts","8":"product_tag-crayola","10":"first","11":"instock","12":"purchasable","13":"product-type-simple"},"acf":[],"_links":{"self":[{"href":"http:\/\/54.76.153.246\/ar\/wp-json\/wp\/v2\/product\/45849","targetHints":{"allow":["GET"]}}],"collection":[{"href":"http:\/\/54.76.153.246\/ar\/wp-json\/wp\/v2\/product"}],"about":[{"href":"http:\/\/54.76.153.246\/ar\/wp-json\/wp\/v2\/types\/product"}],"replies":[{"embeddable":true,"href":"http:\/\/54.76.153.246\/ar\/wp-json\/wp\/v2\/comments?post=45849"}],"wp:featuredmedia":[{"embeddable":true,"href":"http:\/\/54.76.153.246\/ar\/wp-json\/wp\/v2\/media\/49057"}],"wp:attachment":[{"href":"http:\/\/54.76.153.246\/ar\/wp-json\/wp\/v2\/media?parent=45849"}],"wp:term":[{"taxonomy":"product_brand","embeddable":true,"href":"http:\/\/54.76.153.246\/ar\/wp-json\/wp\/v2\/product_brand?post=45849"},{"taxonomy":"product_cat","embeddable":true,"href":"http:\/\/54.76.153.246\/ar\/wp-json\/wp\/v2\/product_cat?post=45849"},{"taxonomy":"product_tag","embeddable":true,"href":"http:\/\/54.76.153.246\/ar\/wp-json\/wp\/v2\/product_tag?post=45849"}],"curies":[{"name":"\u062f\u0628\u0644\u064a\u0648 \u0628\u064a","href":"https:\/\/api.w.org\/{rel}","templated":true}]}}