{"id":46374,"date":"2025-06-17T13:45:55","date_gmt":"2025-06-17T13:45:55","guid":{"rendered":"http:\/\/18.196.36.165\/product\/educational-insights-playfoam-pluffle-twist-black-and-white\/"},"modified":"2025-06-19T07:20:39","modified_gmt":"2025-06-19T07:20:39","slug":"educational-insights-playfoam-pluffle-twist-black-and-white","status":"publish","type":"product","link":"http:\/\/54.76.153.246\/ar\/product\/educational-insights-playfoam-pluffle-twist-black-and-white\/","title":{"rendered":"Educational Insights Playfoam Pluffle Twist Black And White"},"content":{"rendered":"<p>Playfoam Pluffle es la fascinante, mezclable, no se puede resistir, se siente bien mullida que nunca se seca. Mezcla los colores para crear tus propias combinaciones frescas, luego da Pluffle un squish y mira si fluye. Perfecto para el aprendizaje t\u00e1ctil y la diversi\u00f3n, Pluffle es esponjoso, seco y totalmente libre de desorden. Simplemente gira el giro, abre la parte superior y vierte tu Pluffle fuera del recipiente de almacenamiento incluido. Luego aplasta y suelta para ver el movimiento m\u00e1gico \u2013 o mant\u00e9ngalo en el tubo s\u00faper resistente y retorcido y dale la vuelta para algo de acci\u00f3n fluida como una l\u00e1mpara de lava. De los creadores de Playfoam de fama mundial.<\/p>","protected":false},"excerpt":{"rendered":"<p>Playfoam Pluffle es la fascinante, mezclable, no se puede resistir, se siente bien mullida que nunca se seca. Mezcla los colores para crear tus propias combinaciones frescas, luego da Pluffle un squish y mira si fluye. Perfecto para el aprendizaje t\u00e1ctil y la diversi\u00f3n, Pluffle es esponjoso, seco y totalmente libre de desorden. Simplemente gira [&hellip;]<\/p>\n","protected":false},"featured_media":47866,"comment_status":"open","ping_status":"closed","template":"","meta":{"_acf_changed":false},"product_brand":[4784],"product_cat":[1925],"product_tag":[4782],"class_list":{"0":"post-46374","1":"product","2":"type-product","3":"status-publish","4":"has-post-thumbnail","6":"product_brand-educational-insights","7":"product_cat-educational-toys-toys-games","8":"product_tag-educational-insights","10":"first","11":"outofstock","12":"purchasable","13":"product-type-simple"},"acf":[],"_links":{"self":[{"href":"http:\/\/54.76.153.246\/ar\/wp-json\/wp\/v2\/product\/46374","targetHints":{"allow":["GET"]}}],"collection":[{"href":"http:\/\/54.76.153.246\/ar\/wp-json\/wp\/v2\/product"}],"about":[{"href":"http:\/\/54.76.153.246\/ar\/wp-json\/wp\/v2\/types\/product"}],"replies":[{"embeddable":true,"href":"http:\/\/54.76.153.246\/ar\/wp-json\/wp\/v2\/comments?post=46374"}],"wp:featuredmedia":[{"embeddable":true,"href":"http:\/\/54.76.153.246\/ar\/wp-json\/wp\/v2\/media\/47866"}],"wp:attachment":[{"href":"http:\/\/54.76.153.246\/ar\/wp-json\/wp\/v2\/media?parent=46374"}],"wp:term":[{"taxonomy":"product_brand","embeddable":true,"href":"http:\/\/54.76.153.246\/ar\/wp-json\/wp\/v2\/product_brand?post=46374"},{"taxonomy":"product_cat","embeddable":true,"href":"http:\/\/54.76.153.246\/ar\/wp-json\/wp\/v2\/product_cat?post=46374"},{"taxonomy":"product_tag","embeddable":true,"href":"http:\/\/54.76.153.246\/ar\/wp-json\/wp\/v2\/product_tag?post=46374"}],"curies":[{"name":"\u062f\u0628\u0644\u064a\u0648 \u0628\u064a","href":"https:\/\/api.w.org\/{rel}","templated":true}]}}