{"id":46626,"date":"2025-06-17T13:47:41","date_gmt":"2025-06-17T13:47:41","guid":{"rendered":"http:\/\/18.196.36.165\/product\/learning-resources-snap-n-learn-rainbow-owls\/"},"modified":"2025-06-18T14:41:51","modified_gmt":"2025-06-18T14:41:51","slug":"learning-resources-snap-n-learn-rainbow-owls","status":"publish","type":"product","link":"http:\/\/54.76.153.246\/ar\/product\/learning-resources-snap-n-learn-rainbow-owls\/","title":{"rendered":"Learning Resources Snap-N-Learn Rainbow Owls"},"content":{"rendered":"<p>Introduce habilidades tempranas de reconocimiento de color, forma y n\u00fameros con este juego de 10 b\u00fahos de 2 piezas fundidos en 10 tonos vivos. Tira de los b\u00fahos y col\u00f3calos juntos para construir habilidades motoras finas. 20 piezas en total. Habilidades: colores, formas y n\u00fameros. A partir de 18 meses<\/p>","protected":false},"excerpt":{"rendered":"<p>Introduce habilidades tempranas de reconocimiento de color, forma y n\u00fameros con este juego de 10 b\u00fahos de 2 piezas fundidos en 10 tonos vivos. Tira de los b\u00fahos y col\u00f3calos juntos para construir habilidades motoras finas. 20 piezas en total. Habilidades: colores, formas y n\u00fameros. A partir de 18 meses<\/p>","protected":false},"featured_media":47670,"comment_status":"open","ping_status":"closed","template":"","meta":{"_acf_changed":false},"product_brand":[4708],"product_cat":[1925],"product_tag":[4706],"class_list":{"0":"post-46626","1":"product","2":"type-product","3":"status-publish","4":"has-post-thumbnail","6":"product_brand-learning-resources","7":"product_cat-educational-toys-toys-games","8":"product_tag-learning-resources","10":"first","11":"instock","12":"purchasable","13":"product-type-simple"},"acf":[],"_links":{"self":[{"href":"http:\/\/54.76.153.246\/ar\/wp-json\/wp\/v2\/product\/46626","targetHints":{"allow":["GET"]}}],"collection":[{"href":"http:\/\/54.76.153.246\/ar\/wp-json\/wp\/v2\/product"}],"about":[{"href":"http:\/\/54.76.153.246\/ar\/wp-json\/wp\/v2\/types\/product"}],"replies":[{"embeddable":true,"href":"http:\/\/54.76.153.246\/ar\/wp-json\/wp\/v2\/comments?post=46626"}],"wp:featuredmedia":[{"embeddable":true,"href":"http:\/\/54.76.153.246\/ar\/wp-json\/wp\/v2\/media\/47670"}],"wp:attachment":[{"href":"http:\/\/54.76.153.246\/ar\/wp-json\/wp\/v2\/media?parent=46626"}],"wp:term":[{"taxonomy":"product_brand","embeddable":true,"href":"http:\/\/54.76.153.246\/ar\/wp-json\/wp\/v2\/product_brand?post=46626"},{"taxonomy":"product_cat","embeddable":true,"href":"http:\/\/54.76.153.246\/ar\/wp-json\/wp\/v2\/product_cat?post=46626"},{"taxonomy":"product_tag","embeddable":true,"href":"http:\/\/54.76.153.246\/ar\/wp-json\/wp\/v2\/product_tag?post=46626"}],"curies":[{"name":"\u062f\u0628\u0644\u064a\u0648 \u0628\u064a","href":"https:\/\/api.w.org\/{rel}","templated":true}]}}