{"id":4873,"date":"2025-05-11T15:19:28","date_gmt":"2025-05-11T15:19:28","guid":{"rendered":"http:\/\/18.196.36.165\/product\/dahua-wi-fi-dual-light-bullet-camera\/"},"modified":"2025-10-06T14:47:18","modified_gmt":"2025-10-06T14:47:18","slug":"dahua-wi-fi-dual-light-bullet-camera","status":"publish","type":"product","link":"http:\/\/54.76.153.246\/ar\/product\/dahua-wi-fi-dual-light-bullet-camera\/","title":{"rendered":"\u0643\u0627\u0645\u064a\u0631\u0627 Dahua 2Mp Wi Fi \u0645\u0632\u062f\u0648\u062c\u0629 \u0627\u0644\u0625\u0636\u0627\u0621\u0629 F2C Pv \u0643\u0627\u0645\u064a\u0631\u0627 F2C Pv"},"content":{"rendered":"<p># Model: Dahua DH-F2C-PV # Camera Type: Wi-Fi # Video Resolution: 1080p (1920 \u00d71080) # Lens: Fixed lens # Video Compression: H.264B; H.264; H.264H; H.265 # PTZ: No # Zoom Mode: Digital zoom # Day &amp; Night: Color\/B\/W # Night Vision: Color Night Vision with Warm light # Audio: Two-way audio, Built in Microphone and Speaker # Audio Alert: Customized Audio alert # Battery: 2W (12 VDC) # Power: 2 W (12 VDC) # System Reset Button: Yes # Local Storage: Micro SD card slot (max. 256GB) # Cloud Storage: Dahua Cloud Storage (Vodeoloft) # Motion: AI human detection, Filtering out unnessary objects(Leaves, Light, Pets&#8230;) # Work with: Dahua Application (Smart PSS; DSS; DMSS) # Waterproof: IP67 # Dimensions (L*W*H): 5.47Inch\u00d7 4.80Inch\u00d7 3.83Inch(131.0 mm \u00d7 78.4 mm \u00d7 97.2 mm) # Weight: 266.5 g (0.59 lb) # Warranty: 1 Year<\/p>","protected":false},"excerpt":{"rendered":"<p><br data-mce-bogus=\"1\"><\/p>","protected":false},"featured_media":14091,"comment_status":"open","ping_status":"closed","template":"","meta":{"_acf_changed":false},"product_brand":[111],"product_cat":[4999],"product_tag":[1533,5035,1529,5044,5045,5020,1395],"class_list":{"0":"post-4873","1":"product","2":"type-product","3":"status-publish","4":"has-post-thumbnail","6":"product_brand-dahua-technology","7":"product_cat-video-surveillance-2","8":"product_tag-2mp","9":"product_tag-bullet-camera","10":"product_tag-dahua","11":"product_tag-dual-light","12":"product_tag-f2c-pv","13":"product_tag-security-camera","14":"product_tag-wifi","16":"first","17":"instock","18":"purchasable","19":"product-type-simple"},"acf":[],"_links":{"self":[{"href":"http:\/\/54.76.153.246\/ar\/wp-json\/wp\/v2\/product\/4873","targetHints":{"allow":["GET"]}}],"collection":[{"href":"http:\/\/54.76.153.246\/ar\/wp-json\/wp\/v2\/product"}],"about":[{"href":"http:\/\/54.76.153.246\/ar\/wp-json\/wp\/v2\/types\/product"}],"replies":[{"embeddable":true,"href":"http:\/\/54.76.153.246\/ar\/wp-json\/wp\/v2\/comments?post=4873"}],"wp:featuredmedia":[{"embeddable":true,"href":"http:\/\/54.76.153.246\/ar\/wp-json\/wp\/v2\/media\/14091"}],"wp:attachment":[{"href":"http:\/\/54.76.153.246\/ar\/wp-json\/wp\/v2\/media?parent=4873"}],"wp:term":[{"taxonomy":"product_brand","embeddable":true,"href":"http:\/\/54.76.153.246\/ar\/wp-json\/wp\/v2\/product_brand?post=4873"},{"taxonomy":"product_cat","embeddable":true,"href":"http:\/\/54.76.153.246\/ar\/wp-json\/wp\/v2\/product_cat?post=4873"},{"taxonomy":"product_tag","embeddable":true,"href":"http:\/\/54.76.153.246\/ar\/wp-json\/wp\/v2\/product_tag?post=4873"}],"curies":[{"name":"\u062f\u0628\u0644\u064a\u0648 \u0628\u064a","href":"https:\/\/api.w.org\/{rel}","templated":true}]}}