{"id":4879,"date":"2025-05-11T15:19:29","date_gmt":"2025-05-11T15:19:29","guid":{"rendered":"http:\/\/18.196.36.165\/product\/dahua-2mp-wi-fi-fixed-turret-camera\/"},"modified":"2025-10-06T14:07:25","modified_gmt":"2025-10-06T14:07:25","slug":"dahua-2mp-wi-fi-fixed-turret-camera","status":"publish","type":"product","link":"http:\/\/54.76.153.246\/ar\/product\/dahua-2mp-wi-fi-fixed-turret-camera\/","title":{"rendered":"\u0643\u0627\u0645\u064a\u0631\u0627 \u062f\u0627\u0647\u0648\u0627 2 \u0645\u064a\u062c\u0627 \u0628\u064a\u0643\u0633\u0644 \u0648\u0627\u064a \u0641\u0627\u064a \u062b\u0627\u0628\u062a\u0629 \u0627\u0644\u0628\u0631\u062c \u0627\u0644\u062f\u0648\u0627\u0631 Ipc Hdw1230Dt Stw"},"content":{"rendered":"<p># Model: Dahua DH-IPC-HDW1230DT-STW # Camera Type: Wi-Fi # Video Resolution: 1080p (1920 \u00d7 1080) # Lens: Fixed lens # Video Compression: H.264B # PTZ: Yes # Zoom Mode: Digital zoom # Day &amp; Night: Auto(ICR)\/Color\/B\/W # Infrared Night Vision: Yes # Night Vision: Color Night Vision # Audio: Two-way audio, Built in Microphone and Speaker # Audio Alert: Customized Audio alert # Battery: 1.9 W (12 VDC) # Power: 1.9 W (12 VDC) # System: Reset Button # Local Storage: Micro SD card slot (256 GB) # Cloud Storage: Dahua Cloud Storage (Vodeoloft) # Motion: AI human detection, Filtering out unnessary objects(Leaves, Light, Pets&#8230;) # Work with: DMSS # Waterproof: IP67 # Dimensions: \u00d8109.9 mm \u00d7 102.2 mm (\u00d84.33Inch \u00d7 4.02Inch) # Weight: 352 g (0.77 lb) # Warranty: 1 Year<\/p>","protected":false},"excerpt":{"rendered":"<p><br data-mce-bogus=\"1\"><\/p>","protected":false},"featured_media":60647,"comment_status":"open","ping_status":"closed","template":"","meta":{"_acf_changed":false},"product_brand":[111],"product_cat":[4999],"product_tag":[1533,5021,1529,1716,1547,5048,5020,5047,1395,5013,5003,5009,5022,5014,5005],"class_list":{"0":"post-4879","1":"product","2":"type-product","3":"status-publish","4":"has-post-thumbnail","6":"product_brand-dahua-technology","7":"product_cat-video-surveillance-2","8":"product_tag-2mp","9":"product_tag-cctv","10":"product_tag-dahua","11":"product_tag-electronic","12":"product_tag-fixed","13":"product_tag-ipc-hdw1230dt-stw","14":"product_tag-security-camera","15":"product_tag-turret-camera","16":"product_tag-wifi","17":"product_tag-5013","18":"product_tag-5003","19":"product_tag-5009","20":"product_tag-5022","21":"product_tag-5014","22":"product_tag-5005","24":"first","25":"outofstock","26":"purchasable","27":"product-type-simple"},"acf":[],"_links":{"self":[{"href":"http:\/\/54.76.153.246\/ar\/wp-json\/wp\/v2\/product\/4879","targetHints":{"allow":["GET"]}}],"collection":[{"href":"http:\/\/54.76.153.246\/ar\/wp-json\/wp\/v2\/product"}],"about":[{"href":"http:\/\/54.76.153.246\/ar\/wp-json\/wp\/v2\/types\/product"}],"replies":[{"embeddable":true,"href":"http:\/\/54.76.153.246\/ar\/wp-json\/wp\/v2\/comments?post=4879"}],"wp:featuredmedia":[{"embeddable":true,"href":"http:\/\/54.76.153.246\/ar\/wp-json\/wp\/v2\/media\/60647"}],"wp:attachment":[{"href":"http:\/\/54.76.153.246\/ar\/wp-json\/wp\/v2\/media?parent=4879"}],"wp:term":[{"taxonomy":"product_brand","embeddable":true,"href":"http:\/\/54.76.153.246\/ar\/wp-json\/wp\/v2\/product_brand?post=4879"},{"taxonomy":"product_cat","embeddable":true,"href":"http:\/\/54.76.153.246\/ar\/wp-json\/wp\/v2\/product_cat?post=4879"},{"taxonomy":"product_tag","embeddable":true,"href":"http:\/\/54.76.153.246\/ar\/wp-json\/wp\/v2\/product_tag?post=4879"}],"curies":[{"name":"\u062f\u0628\u0644\u064a\u0648 \u0628\u064a","href":"https:\/\/api.w.org\/{rel}","templated":true}]}}