{"id":4882,"date":"2025-05-11T15:19:30","date_gmt":"2025-05-11T15:19:30","guid":{"rendered":"http:\/\/18.196.36.165\/product\/dahua-4mp-wi-fi-fixed-bullet-camera\/"},"modified":"2025-10-05T11:19:40","modified_gmt":"2025-10-05T11:19:40","slug":"dahua-4mp-wi-fi-fixed-bullet-camera","status":"publish","type":"product","link":"http:\/\/54.76.153.246\/ar\/product\/dahua-4mp-wi-fi-fixed-bullet-camera\/","title":{"rendered":"Dahua 4Mp Wifi Fixed Bullet Camera Ipc Hfw1430Dt Stw"},"content":{"rendered":"<p># Model: Dahua DH-IPC-HFW1430DT-STW # Camera Type: Wi-Fi # Video Resolution: 2560 \u00d7 1440 (2560 \u00d7 1440) # Lens: Fixed lens # Video Compression: H.264B # PTZ: No # Zoom Mode: Digital zoom # Day &amp; Night: Auto(ICR)\/Color\/B\/W # Infrared Night Vision: Yes # Night Vision: Color Night Vision # Audio: Two-way audio, Built in Microphone and Speaker # Audio Alert: Customized Audio alert # Battery: 6.1 W (12 VDC) # Power: 6.1 W (12 VDC) # System: Reset Button # Local Storage: Micro SD card slot (256 GB) # Cloud Storage: Dahua Cloud Storage (Vodeoloft) # Motion: AI human detection, Filtering out unnessary objects(Leaves, Light, Pets&#8230;) # Work with: DMSS # Waterproof: IP67 # Dimensions: 180 mm \u00d7 83.3 mm \u00d7 114.8 mm (7.09Inch \u00d7 3.28Inch \u00d7 4.52Inch) # Weight: 350.1 g (0.77 lb) # Warranty: 1 Year<\/p>","protected":false},"excerpt":{"rendered":"<p><\/p>","protected":false},"featured_media":60535,"comment_status":"open","ping_status":"closed","template":"","meta":{"_acf_changed":false},"product_brand":[111],"product_cat":[4999],"product_tag":[1394,5035,1529,1547,5052,5020,1395],"class_list":{"0":"post-4882","1":"product","2":"type-product","3":"status-publish","4":"has-post-thumbnail","6":"product_brand-dahua-technology","7":"product_cat-video-surveillance-2","8":"product_tag-4mp","9":"product_tag-bullet-camera","10":"product_tag-dahua","11":"product_tag-fixed","12":"product_tag-ipc-hfw1430dt-stw","13":"product_tag-security-camera","14":"product_tag-wifi","16":"first","17":"instock","18":"taxable","19":"shipping-taxable","20":"purchasable","21":"product-type-simple"},"acf":[],"_links":{"self":[{"href":"http:\/\/54.76.153.246\/ar\/wp-json\/wp\/v2\/product\/4882","targetHints":{"allow":["GET"]}}],"collection":[{"href":"http:\/\/54.76.153.246\/ar\/wp-json\/wp\/v2\/product"}],"about":[{"href":"http:\/\/54.76.153.246\/ar\/wp-json\/wp\/v2\/types\/product"}],"replies":[{"embeddable":true,"href":"http:\/\/54.76.153.246\/ar\/wp-json\/wp\/v2\/comments?post=4882"}],"wp:featuredmedia":[{"embeddable":true,"href":"http:\/\/54.76.153.246\/ar\/wp-json\/wp\/v2\/media\/60535"}],"wp:attachment":[{"href":"http:\/\/54.76.153.246\/ar\/wp-json\/wp\/v2\/media?parent=4882"}],"wp:term":[{"taxonomy":"product_brand","embeddable":true,"href":"http:\/\/54.76.153.246\/ar\/wp-json\/wp\/v2\/product_brand?post=4882"},{"taxonomy":"product_cat","embeddable":true,"href":"http:\/\/54.76.153.246\/ar\/wp-json\/wp\/v2\/product_cat?post=4882"},{"taxonomy":"product_tag","embeddable":true,"href":"http:\/\/54.76.153.246\/ar\/wp-json\/wp\/v2\/product_tag?post=4882"}],"curies":[{"name":"\u062f\u0628\u0644\u064a\u0648 \u0628\u064a","href":"https:\/\/api.w.org\/{rel}","templated":true}]}}