{"id":4887,"date":"2025-05-11T15:19:31","date_gmt":"2025-05-11T15:19:31","guid":{"rendered":"http:\/\/18.196.36.165\/product\/dahua-sd-card-64gb\/"},"modified":"2025-10-08T10:42:50","modified_gmt":"2025-10-08T10:42:50","slug":"dahua-sd-card-64gb","status":"publish","type":"product","link":"http:\/\/54.76.153.246\/ar\/product\/dahua-sd-card-64gb\/","title":{"rendered":"\u0628\u0637\u0627\u0642\u0629 Dahua SD \u0633\u0639\u0629 64 \u062c\u064a\u062c\u0627\u0628\u0627\u064a\u062a"},"content":{"rendered":"<p>Model DHI-TF-C100\/64GB<br \/>Capacity 64 GB<br \/>Read Speed Up to 95 MB\/s<br \/>Write Speed Up to 30 MB\/s<br \/>File System FAT32<br \/>Four Types of Protection High and low temperature resistant<br \/>Waterproof<br \/>anti-magnetic<br \/>anti X-ray<br \/>Compatibility Game consoles<br \/>Mobile phones<br \/>\u0627\u0644\u0623\u062c\u0647\u0632\u0629 \u0627\u0644\u0644\u0648\u062d\u064a\u0629<br \/>Digital stereo systems<br \/>Computers\u2026<br \/>Product Dimensions 15.0 mm \u00d7 11.0 mm \u00d7 1.0 mm (0.59&#8243; \u00d7 0.43&#8243; \u00d7 0.04&#8243;)<br \/>Net Weight 0.16 g<br \/>Warranty 7-year<\/p>","protected":false},"excerpt":{"rendered":"<p><br data-mce-bogus=\"1\"><\/p>","protected":false},"featured_media":14097,"comment_status":"open","ping_status":"closed","template":"","meta":{"_acf_changed":false},"product_brand":[111],"product_cat":[1559],"product_tag":[1524,1565,1519,1560,1529,1563,1562,52,1551,1564],"class_list":{"0":"post-4887","1":"product","2":"type-product","3":"status-publish","4":"has-post-thumbnail","6":"product_brand-dahua-technology","7":"product_cat-storage-devices","8":"product_tag-1524","9":"product_tag-1565","10":"product_tag-c","11":"product_tag-card","12":"product_tag-dahua","13":"product_tag-dhi","14":"product_tag-gb","15":"product_tag-printed","16":"product_tag-sd","17":"product_tag-tf","19":"first","20":"instock","21":"purchasable","22":"product-type-simple"},"acf":[],"_links":{"self":[{"href":"http:\/\/54.76.153.246\/ar\/wp-json\/wp\/v2\/product\/4887","targetHints":{"allow":["GET"]}}],"collection":[{"href":"http:\/\/54.76.153.246\/ar\/wp-json\/wp\/v2\/product"}],"about":[{"href":"http:\/\/54.76.153.246\/ar\/wp-json\/wp\/v2\/types\/product"}],"replies":[{"embeddable":true,"href":"http:\/\/54.76.153.246\/ar\/wp-json\/wp\/v2\/comments?post=4887"}],"wp:featuredmedia":[{"embeddable":true,"href":"http:\/\/54.76.153.246\/ar\/wp-json\/wp\/v2\/media\/14097"}],"wp:attachment":[{"href":"http:\/\/54.76.153.246\/ar\/wp-json\/wp\/v2\/media?parent=4887"}],"wp:term":[{"taxonomy":"product_brand","embeddable":true,"href":"http:\/\/54.76.153.246\/ar\/wp-json\/wp\/v2\/product_brand?post=4887"},{"taxonomy":"product_cat","embeddable":true,"href":"http:\/\/54.76.153.246\/ar\/wp-json\/wp\/v2\/product_cat?post=4887"},{"taxonomy":"product_tag","embeddable":true,"href":"http:\/\/54.76.153.246\/ar\/wp-json\/wp\/v2\/product_tag?post=4887"}],"curies":[{"name":"\u062f\u0628\u0644\u064a\u0648 \u0628\u064a","href":"https:\/\/api.w.org\/{rel}","templated":true}]}}