{"id":5436,"date":"2025-05-12T13:17:03","date_gmt":"2025-05-12T13:17:03","guid":{"rendered":"http:\/\/18.196.36.165\/product\/fm0024262-kerastase-chronologiste-pre-shampoo-scrub\/"},"modified":"2025-05-20T13:04:59","modified_gmt":"2025-05-20T13:04:59","slug":"fm0024262-kerastase-chronologiste-pre-shampoo-scrub","status":"publish","type":"product","link":"http:\/\/54.76.153.246\/ar\/product\/fm0024262-kerastase-chronologiste-pre-shampoo-scrub\/","title":{"rendered":"FM0024262-Kerastase Chronologiste &#8211; Pre Shampoo (Scrub)"},"content":{"rendered":"<p>Product Benefits<br \/>\nYouth revitalising purifying pre-shampoo to deeply cleanse scalp and roots. Used before your shampoo, Pre-Cleanse R\u00e9g\u00e9n\u00e9rant removes up to 96% more pollution particles than a regular shampoo. Hyaluronic acid helps hydrate and moisturise. With a thick luxurious black gel texture, the Pre-Cleanse R\u00e9g\u00e9n\u00e9rant is a sensorial experience. Infused with the signature Chronologiste scent of fine fragrances, including tea rose, light woods and musk.<\/p>\n<p>Full Ingredient List<\/p>\n<p>Aqua \/ Water \/ Eau \u2022 Sodium Laureth Sulfate \u2022 Cocamidopropyl Betaine \u2022 Glycerin \u2022 Cocamide Mea \u2022 Acrylates Copolymer \u2022 Sodium Citrate \u2022 Cocamide Mipa \u2022 Hexylene Glycol \u2022 Sodium Hydroxide \u2022 Sodium Chloride \u2022 Citric Acid \u2022 Sodium Benzoate \u2022 Polyquaternium-10 \u2022 Peg-55 Propylene Glycol Oleate \u2022 Propylene Glycol \u2022 Salicylic Acid \u2022 Charcoal Powder \u2022 Benzyl Salicylate \u2022 Hexyl Cinnamal \u2022 Benzyl Alcohol \u2022 Limonene \u2022 Butylene Glycol \u2022 Citronellol \u2022 Geraniol \u2022 Polyglycerin-10 \u2022 Polyglyceryl-10 Pyristate \u2022 Polyglyceryl-10 Stearate \u2022 Tocopherol \u2022 Bisabolol \u2022 2-Oleamido-1,3-Octadecanediol \u2022 Safflower Glucoside \u2022 Hydroxycitronellal \u2022 Ci 77499 \/ Iron Oxides \u2022 Sodium Dehydroacetate \u2022 Sodium Hyaluronate \u2022 Hydrolyzed Pearl \u2022 Alteromonas Ferment Extract \u2022 Potassium Sorbate \u2022 Sorbic Acid \u2022 Bht \u2022 Parfum \/ Fragrance<br \/>\nHow to Use<br \/>\nStep 1<br \/>\nApply to wet scalp and roots before shampooing.<br \/>\nStep 2<br \/>\nMassage.<br \/>\nStep 3<br \/>\nRinse thoroughly.<br \/>\nStep 4<br \/>\nFollow with Bain R\u00e9g\u00e9n\u00e9rant.<\/p>","protected":false},"excerpt":{"rendered":"<p>Product Benefits Youth revitalising purifying pre-shampoo to deeply cleanse scalp and roots. Used before your shampoo, Pre-Cleanse R\u00e9g\u00e9n\u00e9rant removes up to 96% more pollution particles than a regular shampoo. Hyaluronic acid helps hydrate and moisturise. With a thick luxurious black gel texture, the Pre-Cleanse R\u00e9g\u00e9n\u00e9rant is a sensorial experience. Infused with the signature Chronologiste scent [&hellip;]<\/p>\n","protected":false},"featured_media":5991,"comment_status":"open","ping_status":"closed","template":"","meta":{"_acf_changed":false},"product_brand":[],"product_cat":[1313],"product_tag":[],"class_list":{"0":"post-5436","1":"product","2":"type-product","3":"status-publish","4":"has-post-thumbnail","6":"product_cat-cosmetics","8":"first","9":"instock","10":"purchasable","11":"product-type-simple"},"acf":[],"_links":{"self":[{"href":"http:\/\/54.76.153.246\/ar\/wp-json\/wp\/v2\/product\/5436","targetHints":{"allow":["GET"]}}],"collection":[{"href":"http:\/\/54.76.153.246\/ar\/wp-json\/wp\/v2\/product"}],"about":[{"href":"http:\/\/54.76.153.246\/ar\/wp-json\/wp\/v2\/types\/product"}],"replies":[{"embeddable":true,"href":"http:\/\/54.76.153.246\/ar\/wp-json\/wp\/v2\/comments?post=5436"}],"wp:featuredmedia":[{"embeddable":true,"href":"http:\/\/54.76.153.246\/ar\/wp-json\/wp\/v2\/media\/5991"}],"wp:attachment":[{"href":"http:\/\/54.76.153.246\/ar\/wp-json\/wp\/v2\/media?parent=5436"}],"wp:term":[{"taxonomy":"product_brand","embeddable":true,"href":"http:\/\/54.76.153.246\/ar\/wp-json\/wp\/v2\/product_brand?post=5436"},{"taxonomy":"product_cat","embeddable":true,"href":"http:\/\/54.76.153.246\/ar\/wp-json\/wp\/v2\/product_cat?post=5436"},{"taxonomy":"product_tag","embeddable":true,"href":"http:\/\/54.76.153.246\/ar\/wp-json\/wp\/v2\/product_tag?post=5436"}],"curies":[{"name":"\u062f\u0628\u0644\u064a\u0648 \u0628\u064a","href":"https:\/\/api.w.org\/{rel}","templated":true}]}}