{"id":5437,"date":"2025-05-12T13:17:03","date_gmt":"2025-05-12T13:17:03","guid":{"rendered":"http:\/\/18.196.36.165\/product\/fm0024259-kerastase-chronologiste-masque\/"},"modified":"2025-05-20T13:04:59","modified_gmt":"2025-05-20T13:04:59","slug":"fm0024259-kerastase-chronologiste-masque","status":"publish","type":"product","link":"http:\/\/54.76.153.246\/ar\/product\/fm0024259-kerastase-chronologiste-masque\/","title":{"rendered":"FM0024259-Kerastase Chronologiste &#8211; Masque"},"content":{"rendered":"<p>Youth revitalising mask to provide intense nourishment. Infused with hyaluronic acid, abyssine and vitamin E formula helps to fight the signs of ageing scalp and hair. Provides intense hydration, long-lasting frizz-control, up to 6x more shine* and a stronger fiber for youthful bounce and voluptuosity. Infused with the signature Chronologiste scent of fine fragrances, including tea rose, light woods and musk. Masque Intense R\u00e9g\u00e9n\u00e9rant is a luxurious sensorial experience. *Instrumental Test<\/p>\n<p>Product Benefits<br \/>\nStrengthens the hair fiber<br \/>\nProvides intense nourishment and shine<br \/>\nFacilitates detangling<br \/>\nBrings softness &amp; a lightweight touch<\/p>\n<p>How To Use<br \/>\nStep 1<br \/>\nApply 1 or 2 pumps on dry or wet hair as a leave-in treatment.<br \/>\nStep 2<br \/>\nStart from mid lengths and work to ends.<br \/>\nStep 3<br \/>\nStyle.<\/p>\n<p>Ingredients<br \/>\nAqua \/ Water &#8211; Cetearyl Alcohol &#8211; Amodimethicone &#8211; Behentrimonium Chloride &#8211; Cetyl Esters &#8211; Isopropyl Alcohol &#8211; Peg\/Ppg\/Polybutylene Glycol-8\/5\/3 Glycerin &#8211; Bisabolol &#8211; Trideceth-6 &#8211; Methylparaben &#8211; Tocopheryl Acetate &#8211; Safflower Glucoside &#8211; Cetrimonium Chloride &#8211; Benzyl Salicylate &#8211; Hexyl Cinnamal &#8211; Farnesol &#8211; Benzyl Alcohol &#8211; Linalool &#8211; Limonene &#8211; Octyldodecanol &#8211; 2-Oleamido-1 , 3-Octadecanediol &#8211; Polycaprolactone &#8211; Tocopherol &#8211; Glycine Soja Oil \/ Soybean Oil &#8211; Citronellol &#8211; Zea Mays \/ Corn Germ Oil &#8211; Argania Spinosa Oil \/ Argania Spinosa Kernel Oil &#8211; Lecithin &#8211; Camellia Oleifera Seed Oil &#8211; Geraniol &#8211; Poloxamer 188 &#8211; Ceramide 3 &#8211; Hydroxypalmitoyl Sphinganine &#8211; Alteromonas Ferment Extract &#8211; Phyllanthus Emblica Fruit Extract &#8211; Parfum \/ Fragrance<\/p>","protected":false},"excerpt":{"rendered":"<p>Youth revitalising mask to provide intense nourishment. Infused with hyaluronic acid, abyssine and vitamin E formula helps to fight the signs of ageing scalp and hair. Provides intense hydration, long-lasting frizz-control, up to 6x more shine* and a stronger fiber for youthful bounce and voluptuosity. Infused with the signature Chronologiste scent of fine fragrances, including [&hellip;]<\/p>\n","protected":false},"featured_media":5996,"comment_status":"open","ping_status":"closed","template":"","meta":{"_acf_changed":false},"product_brand":[],"product_cat":[1313],"product_tag":[1609,1663,1664,1662],"class_list":{"0":"post-5437","1":"product","2":"type-product","3":"status-publish","4":"has-post-thumbnail","6":"product_cat-cosmetics","7":"product_tag-hair-mask","8":"product_tag-nourishing","9":"product_tag-shinier-hair","10":"product_tag-youth-revitalizing","12":"first","13":"instock","14":"purchasable","15":"product-type-simple"},"acf":[],"_links":{"self":[{"href":"http:\/\/54.76.153.246\/ar\/wp-json\/wp\/v2\/product\/5437","targetHints":{"allow":["GET"]}}],"collection":[{"href":"http:\/\/54.76.153.246\/ar\/wp-json\/wp\/v2\/product"}],"about":[{"href":"http:\/\/54.76.153.246\/ar\/wp-json\/wp\/v2\/types\/product"}],"replies":[{"embeddable":true,"href":"http:\/\/54.76.153.246\/ar\/wp-json\/wp\/v2\/comments?post=5437"}],"wp:featuredmedia":[{"embeddable":true,"href":"http:\/\/54.76.153.246\/ar\/wp-json\/wp\/v2\/media\/5996"}],"wp:attachment":[{"href":"http:\/\/54.76.153.246\/ar\/wp-json\/wp\/v2\/media?parent=5437"}],"wp:term":[{"taxonomy":"product_brand","embeddable":true,"href":"http:\/\/54.76.153.246\/ar\/wp-json\/wp\/v2\/product_brand?post=5437"},{"taxonomy":"product_cat","embeddable":true,"href":"http:\/\/54.76.153.246\/ar\/wp-json\/wp\/v2\/product_cat?post=5437"},{"taxonomy":"product_tag","embeddable":true,"href":"http:\/\/54.76.153.246\/ar\/wp-json\/wp\/v2\/product_tag?post=5437"}],"curies":[{"name":"\u062f\u0628\u0644\u064a\u0648 \u0628\u064a","href":"https:\/\/api.w.org\/{rel}","templated":true}]}}