{"id":5470,"date":"2025-05-12T13:17:10","date_gmt":"2025-05-12T13:17:10","guid":{"rendered":"http:\/\/18.196.36.165\/product\/fm0028040-kerastase-premiere-masque-filler-reparateur\/"},"modified":"2025-05-24T10:37:35","modified_gmt":"2025-05-24T10:37:35","slug":"fm0028040-kerastase-premiere-masque-filler-reparateur","status":"publish","type":"product","link":"http:\/\/54.76.153.246\/ar\/product\/fm0028040-kerastase-premiere-masque-filler-reparateur\/","title":{"rendered":"FM0028040-K\u00e9rastase Premi\u00e8re Masque Filler R\u00e9parateur FM0028040-K\u00e9rastase"},"content":{"rendered":"<p>A luxurious mask designed to deeply nourish and<\/p>\n<p>repair hair. Enriched with advanced ingredients, it<\/p>\n<p>restores strength, hydration, and shine while<\/p>\n<p>protecting the hair from further damage.<\/p>","protected":false},"excerpt":{"rendered":"<p>A luxurious mask designed to deeply nourish and repair hair. Enriched with advanced ingredients, it restores strength, hydration, and shine while protecting the hair from further damage.<\/p>","protected":false},"featured_media":5633,"comment_status":"open","ping_status":"closed","template":"","meta":{"_acf_changed":false},"product_brand":[140],"product_cat":[260,1008,1313,1575,1574],"product_tag":[],"class_list":{"0":"post-5470","1":"product","2":"type-product","3":"status-publish","4":"has-post-thumbnail","6":"product_brand-kerastase","7":"product_cat-beauty-personal-care","8":"product_cat-beauty-equipment","9":"product_cat-cosmetics","10":"product_cat-hair-care-styling","11":"product_cat-skin-care","13":"first","14":"instock","15":"purchasable","16":"product-type-simple"},"acf":[],"_links":{"self":[{"href":"http:\/\/54.76.153.246\/ar\/wp-json\/wp\/v2\/product\/5470","targetHints":{"allow":["GET"]}}],"collection":[{"href":"http:\/\/54.76.153.246\/ar\/wp-json\/wp\/v2\/product"}],"about":[{"href":"http:\/\/54.76.153.246\/ar\/wp-json\/wp\/v2\/types\/product"}],"replies":[{"embeddable":true,"href":"http:\/\/54.76.153.246\/ar\/wp-json\/wp\/v2\/comments?post=5470"}],"wp:featuredmedia":[{"embeddable":true,"href":"http:\/\/54.76.153.246\/ar\/wp-json\/wp\/v2\/media\/5633"}],"wp:attachment":[{"href":"http:\/\/54.76.153.246\/ar\/wp-json\/wp\/v2\/media?parent=5470"}],"wp:term":[{"taxonomy":"product_brand","embeddable":true,"href":"http:\/\/54.76.153.246\/ar\/wp-json\/wp\/v2\/product_brand?post=5470"},{"taxonomy":"product_cat","embeddable":true,"href":"http:\/\/54.76.153.246\/ar\/wp-json\/wp\/v2\/product_cat?post=5470"},{"taxonomy":"product_tag","embeddable":true,"href":"http:\/\/54.76.153.246\/ar\/wp-json\/wp\/v2\/product_tag?post=5470"}],"curies":[{"name":"\u062f\u0628\u0644\u064a\u0648 \u0628\u064a","href":"https:\/\/api.w.org\/{rel}","templated":true}]}}