{"id":5472,"date":"2025-05-12T13:17:10","date_gmt":"2025-05-12T13:17:10","guid":{"rendered":"http:\/\/18.196.36.165\/product\/fm0028042-concentre-decalcifiant-ultra-reparateur\/"},"modified":"2025-05-24T10:37:35","modified_gmt":"2025-05-24T10:37:35","slug":"fm0028042-concentre-decalcifiant-ultra-reparateur","status":"publish","type":"product","link":"http:\/\/54.76.153.246\/ar\/product\/fm0028042-concentre-decalcifiant-ultra-reparateur\/","title":{"rendered":"FM0028042- \u0645\u0631\u0643\u0651\u0632 \u0623\u0644\u062a\u0631\u0627-\u0645\u062d\u0644\u0644 \u0641\u0627\u0626\u0642 \u0627\u0644\u062a\u0631\u0643\u064a\u0632 FM0028042"},"content":{"rendered":"<p>The pre-shampoo repairs damaged hair. It reduces excess calcium that is deposited on the hair. The formula with citric acid and glycine strengthens the hair fibres and ensures shiny suppleness.<\/p>\n<p>Application:<\/p>\n<p>Use the product before shampooing. Massage it through the lengths of wet hair. Leave it on for 5 minutes. Do not rinse.<br \/>\nCleanse the hair with the Bain D\u00e9calcifiant R\u00e9parateur shampoo. Lather and rinse.<br \/>\nIt is recommended to complete the treatment with the Fondant Fluidit\u00e9 R\u00e9parateur conditioner or the Masque Filler R\u00e9parateur hair mask.<\/p>","protected":false},"excerpt":{"rendered":"<p>The pre-shampoo repairs damaged hair. It reduces excess calcium that is deposited on the hair. The formula with citric acid and glycine strengthens the hair fibres and ensures shiny suppleness. Application: Use the product before shampooing. Massage it through the lengths of wet hair. Leave it on for 5 minutes. Do not rinse. Cleanse the [&hellip;]<\/p>\n","protected":false},"featured_media":5638,"comment_status":"open","ping_status":"closed","template":"","meta":{"_acf_changed":false},"product_brand":[140],"product_cat":[260,1008,1313,1575,1574],"product_tag":[1688,1690,1691,1687,1689],"class_list":{"0":"post-5472","1":"product","2":"type-product","3":"status-publish","4":"has-post-thumbnail","6":"product_brand-kerastase","7":"product_cat-beauty-personal-care","8":"product_cat-beauty-equipment","9":"product_cat-cosmetics","10":"product_cat-hair-care-styling","11":"product_cat-skin-care","12":"product_tag-lotion","13":"product_tag-pre-shampo","14":"product_tag-reduces-excess-calicium","15":"product_tag-repairing","16":"product_tag-treatment","18":"first","19":"instock","20":"purchasable","21":"product-type-simple"},"acf":[],"_links":{"self":[{"href":"http:\/\/54.76.153.246\/ar\/wp-json\/wp\/v2\/product\/5472","targetHints":{"allow":["GET"]}}],"collection":[{"href":"http:\/\/54.76.153.246\/ar\/wp-json\/wp\/v2\/product"}],"about":[{"href":"http:\/\/54.76.153.246\/ar\/wp-json\/wp\/v2\/types\/product"}],"replies":[{"embeddable":true,"href":"http:\/\/54.76.153.246\/ar\/wp-json\/wp\/v2\/comments?post=5472"}],"wp:featuredmedia":[{"embeddable":true,"href":"http:\/\/54.76.153.246\/ar\/wp-json\/wp\/v2\/media\/5638"}],"wp:attachment":[{"href":"http:\/\/54.76.153.246\/ar\/wp-json\/wp\/v2\/media?parent=5472"}],"wp:term":[{"taxonomy":"product_brand","embeddable":true,"href":"http:\/\/54.76.153.246\/ar\/wp-json\/wp\/v2\/product_brand?post=5472"},{"taxonomy":"product_cat","embeddable":true,"href":"http:\/\/54.76.153.246\/ar\/wp-json\/wp\/v2\/product_cat?post=5472"},{"taxonomy":"product_tag","embeddable":true,"href":"http:\/\/54.76.153.246\/ar\/wp-json\/wp\/v2\/product_tag?post=5472"}],"curies":[{"name":"\u062f\u0628\u0644\u064a\u0648 \u0628\u064a","href":"https:\/\/api.w.org\/{rel}","templated":true}]}}