{"id":59892,"date":"2025-08-10T12:00:46","date_gmt":"2025-08-10T12:00:46","guid":{"rendered":"http:\/\/18.196.36.165\/product\/dahua-2mp-wi-fi-full-color-bullet-camera-f2c-led\/"},"modified":"2025-10-06T14:55:19","modified_gmt":"2025-10-06T14:55:19","slug":"dahua-2mp-wi-fi-full-color-bullet-camera-f2c-led","status":"publish","type":"product","link":"http:\/\/54.76.153.246\/ar\/product\/dahua-2mp-wi-fi-full-color-bullet-camera-f2c-led\/","title":{"rendered":"\u0643\u0627\u0645\u064a\u0631\u0627 Dahua 2Mp Wi Fi \u0645\u0644\u0648\u0646\u0629 \u0643\u0627\u0645\u0644\u0629 \u0627\u0644\u0623\u0644\u0648\u0627\u0646 F2C Led"},"content":{"rendered":"<p># Model: Dahua DH-F2C-LED # Camera Type: Wi-Fi # Video Resolution: 1080p (1920 \u00d71080) # Lens: Fixed lens # Video Compression: H.264B; H.264; H.264H; H.265 # PTZ: No # Zoom Mode: Digital zoom # Day &amp; Night: Color\/B\/W # Infrared Night Vision: No # Night Vision: Color Night Vision with Warm light # Audio: Two-way audio, Built in Microphone and Speaker # Audio Alert: Customized Audio alert # Battery: 2W (12 VDC) # Power: 2 W (12 VDC) # System: Reset Button # Local Storage: Micro SD card slot (max. 256GB) # Cloud Storage: Dahua Cloud Storage (Vodeoloft) # Motion: AI human detection, Filtering out unnessary objects(Leaves, Light, Pets&#8230;) # Work with: Dahua&#8217;s Application (Smart PSS; DSS; DMSS) # Waterproof IP67 # Dimensions (L*W*H): 5.47Inch \u00d7 4.80Inch \u00d7 3.83Inch; (131.0 mm \u00d7 78.4 mm \u00d7 97.2 mm) # Weight: 254.5 g (0.56 lb) # Warranty: 1 Year<\/p>","protected":false},"excerpt":{"rendered":"<p><br data-mce-bogus=\"1\"><\/p>","protected":false},"featured_media":60340,"comment_status":"open","ping_status":"closed","template":"","meta":{"_acf_changed":false},"product_brand":[111],"product_cat":[4999],"product_tag":[1533,1441,1416,1535,1529,5043,1534,1448,1395],"class_list":{"0":"post-59892","1":"product","2":"type-product","3":"status-publish","4":"has-post-thumbnail","6":"product_brand-dahua-technology","7":"product_cat-video-surveillance-2","8":"product_tag-2mp","9":"product_tag-bullet","10":"product_tag-camera","11":"product_tag-color","12":"product_tag-dahua","13":"product_tag-f2c-led","14":"product_tag-full","15":"product_tag-security","16":"product_tag-wifi","18":"first","19":"outofstock","20":"taxable","21":"shipping-taxable","22":"purchasable","23":"product-type-simple"},"acf":[],"_links":{"self":[{"href":"http:\/\/54.76.153.246\/ar\/wp-json\/wp\/v2\/product\/59892","targetHints":{"allow":["GET"]}}],"collection":[{"href":"http:\/\/54.76.153.246\/ar\/wp-json\/wp\/v2\/product"}],"about":[{"href":"http:\/\/54.76.153.246\/ar\/wp-json\/wp\/v2\/types\/product"}],"replies":[{"embeddable":true,"href":"http:\/\/54.76.153.246\/ar\/wp-json\/wp\/v2\/comments?post=59892"}],"wp:featuredmedia":[{"embeddable":true,"href":"http:\/\/54.76.153.246\/ar\/wp-json\/wp\/v2\/media\/60340"}],"wp:attachment":[{"href":"http:\/\/54.76.153.246\/ar\/wp-json\/wp\/v2\/media?parent=59892"}],"wp:term":[{"taxonomy":"product_brand","embeddable":true,"href":"http:\/\/54.76.153.246\/ar\/wp-json\/wp\/v2\/product_brand?post=59892"},{"taxonomy":"product_cat","embeddable":true,"href":"http:\/\/54.76.153.246\/ar\/wp-json\/wp\/v2\/product_cat?post=59892"},{"taxonomy":"product_tag","embeddable":true,"href":"http:\/\/54.76.153.246\/ar\/wp-json\/wp\/v2\/product_tag?post=59892"}],"curies":[{"name":"\u062f\u0628\u0644\u064a\u0648 \u0628\u064a","href":"https:\/\/api.w.org\/{rel}","templated":true}]}}