{"id":60686,"date":"2025-10-07T06:40:57","date_gmt":"2025-10-07T06:40:57","guid":{"rendered":"http:\/\/18.196.36.165\/product\/sony-playstation-5-dualsense-wireless-controller-ghost-of-yotei-gold-limited-edition\/"},"modified":"2025-10-07T06:40:57","modified_gmt":"2025-10-07T06:40:57","slug":"sony-playstation-5-dualsense-wireless-controller-ghost-of-yotei-gold-limited-edition","status":"publish","type":"product","link":"http:\/\/54.76.153.246\/ar\/product\/sony-playstation-5-dualsense-wireless-controller-ghost-of-yotei-gold-limited-edition\/","title":{"rendered":"\u0648\u062d\u062f\u0629 \u0627\u0644\u062a\u062d\u0643\u0645 \u0627\u0644\u0644\u0627\u0633\u0644\u0643\u064a\u0629 \u0628\u0644\u0627\u064a \u0633\u062a\u064a\u0634\u0646 5 \u0628\u0644\u0627\u064a \u0633\u062a\u064a\u0634\u0646 5 \u0633\u0648\u0646\u064a \u062f\u0648\u0627\u0644 \u0633\u064a\u0646\u0633 \u0627\u0644\u0644\u0627\u0633\u0644\u0643\u064a\u0629 - \u0625\u0635\u062f\u0627\u0631 \u0634\u0628\u062d \u064a\u0648\u062a\u064a \u0627\u0644\u0630\u0647\u0628\u064a \u0627\u0644\u0645\u062d\u062f\u0648\u062f"},"content":{"rendered":"<p><span>This Ghost of Yotei Gold Limited Edition controller will let you master your Samurai skills. It&#8217;s got an elegant gold brushed finish inspired by the game&#8217;s aesthetic. But under the hood, it&#8217;s still the amazing controller you know and love. Replacing traditional rumble motors, haptic feedback really hits different. You&#8217;ll feel every bump on the road or footstep of an enemy approaching. And the adaptive triggers only add to the realism. With varying levels of force and tension, they can mimic the stiffness of a brake pedal or the tension of a bowstring. Good to know &#8211; The Create button lets you show your gaming highlights and epic fails to the world &#8211; Multi-device connectivity lets you hook it up using USB Type-C or Bluetooth and game on your PS5, PC, Mac or smartphone &#8211; Use the built-in microphone and headset port to chat with your teammates online &#8211; There&#8217;s an illuminated mute button too (for when an NPC is talking to you IRL) Specification Details Product Name DualSense Wireless Controller \u2013 Ghost of Y\u014dtei Gold Limited Edition Design \/ Theme Dramatic gold brushed design inspired by Ghost of Y\u014dtei; includes special artwork, motif of Atsu on the touchpad; makes use of traditional Japanese art styles like kintsugi. Release Date October 2, 2025 (global) Compatible Platforms PlayStation 5; also works with PC, Mac, iPad, iPhone, Apple TV via USB\u2011C or Bluetooth for supported features. Connectivity Wireless (Bluetooth) \/ Wired (USB\u2011C) Features \u2022 Haptic feedback (Dual actuators) \u2022 Adaptive triggers \u2022 Built\u2011in speaker \u2022 Motion sensor \u2022 3.5 mm headset jack \u2022 Built\u2011in microphone + mute button \u2022 \u201cCreate\u201d button for sharing content \u2022 Light \/ illumination effects Battery Rechargeable battery; charge via USB\u2011C Weight &amp; Dimensions Approximate dimensions: 16.0 \u00d7 10.6 \u00d7 6.6 cm (L \u00d7 W \u00d7 H) Weight listed in some sources: ~440 g<\/span><\/p>","protected":false},"excerpt":{"rendered":"<p><br data-mce-bogus=\"1\"><\/p>","protected":false},"featured_media":60685,"comment_status":"open","ping_status":"closed","template":"","meta":{"_acf_changed":false},"product_brand":[],"product_cat":[1704],"product_tag":[],"class_list":{"0":"post-60686","1":"product","2":"type-product","3":"status-publish","4":"has-post-thumbnail","6":"product_cat-electronic-games","8":"first","9":"instock","10":"taxable","11":"shipping-taxable","12":"purchasable","13":"product-type-simple"},"acf":[],"_links":{"self":[{"href":"http:\/\/54.76.153.246\/ar\/wp-json\/wp\/v2\/product\/60686","targetHints":{"allow":["GET"]}}],"collection":[{"href":"http:\/\/54.76.153.246\/ar\/wp-json\/wp\/v2\/product"}],"about":[{"href":"http:\/\/54.76.153.246\/ar\/wp-json\/wp\/v2\/types\/product"}],"replies":[{"embeddable":true,"href":"http:\/\/54.76.153.246\/ar\/wp-json\/wp\/v2\/comments?post=60686"}],"wp:featuredmedia":[{"embeddable":true,"href":"http:\/\/54.76.153.246\/ar\/wp-json\/wp\/v2\/media\/60685"}],"wp:attachment":[{"href":"http:\/\/54.76.153.246\/ar\/wp-json\/wp\/v2\/media?parent=60686"}],"wp:term":[{"taxonomy":"product_brand","embeddable":true,"href":"http:\/\/54.76.153.246\/ar\/wp-json\/wp\/v2\/product_brand?post=60686"},{"taxonomy":"product_cat","embeddable":true,"href":"http:\/\/54.76.153.246\/ar\/wp-json\/wp\/v2\/product_cat?post=60686"},{"taxonomy":"product_tag","embeddable":true,"href":"http:\/\/54.76.153.246\/ar\/wp-json\/wp\/v2\/product_tag?post=60686"}],"curies":[{"name":"\u062f\u0628\u0644\u064a\u0648 \u0628\u064a","href":"https:\/\/api.w.org\/{rel}","templated":true}]}}