{"id":60751,"date":"2025-10-07T10:49:27","date_gmt":"2025-10-07T10:49:27","guid":{"rendered":"http:\/\/18.196.36.165\/product\/barbeador-portatil-de-viagem-winningstar-st-5844-5w\/"},"modified":"2025-10-07T10:50:01","modified_gmt":"2025-10-07T10:50:01","slug":"barbeador-portatil-de-viagem-winningstar-st-5844-5w","status":"publish","type":"product","link":"http:\/\/54.76.153.246\/ar\/product\/barbeador-portatil-de-viagem-winningstar-st-5844-5w\/","title":{"rendered":"BARBEADOR PORT\u00c1TIL DE VIAGEM WINNINGSTAR ST-5844 &#8211; 5W"},"content":{"rendered":"<p style=\"margin-top: 0px;margin-bottom: 1rem;font-family: Cairo, sans-serif;font-size: 12px\" data-mce-style=\"margin-top: 0px; margin-bottom: 1rem; font-family: Cairo, sans-serif; font-size: 12px;\">Marca: WINNINGSTAR<\/p>\n<p style=\"margin-top: 0px;margin-bottom: 1rem;font-family: Cairo, sans-serif;font-size: 12px\" data-mce-style=\"margin-top: 0px; margin-bottom: 1rem; font-family: Cairo, sans-serif; font-size: 12px;\">Modelo: ST-5844<\/p>\n<p style=\"margin-top: 0px;margin-bottom: 1rem;font-family: Cairo, sans-serif;font-size: 12px\" data-mce-style=\"margin-top: 0px; margin-bottom: 1rem; font-family: Cairo, sans-serif; font-size: 12px;\">Voltagem: DC 5V<\/p>\n<p style=\"margin-top: 0px;margin-bottom: 1rem;font-family: Cairo, sans-serif;font-size: 12px\" data-mce-style=\"margin-top: 0px; margin-bottom: 1rem; font-family: Cairo, sans-serif; font-size: 12px;\">Pot\u00eancia: 5 W<\/p>\n<p style=\"margin-top: 0px;margin-bottom: 1rem;font-family: Cairo, sans-serif;font-size: 12px\" data-mce-style=\"margin-top: 0px; margin-bottom: 1rem; font-family: Cairo, sans-serif; font-size: 12px;\">Capacidade da bateria: 3,7 V, 350 mAh<\/p>\n<p style=\"margin-top: 0px;margin-bottom: 1rem;font-family: Cairo, sans-serif;font-size: 12px\" data-mce-style=\"margin-top: 0px; margin-bottom: 1rem; font-family: Cairo, sans-serif; font-size: 12px;\">IPX6: Prote\u00e7\u00e3o contra fortes jatos de \u00e1gua. Suporta jatos de \u00e1gua muito potentes.<\/p>\n<p style=\"margin-top: 0px;margin-bottom: 1rem;font-family: Cairo, sans-serif;font-size: 12px\" data-mce-style=\"margin-top: 0px; margin-bottom: 1rem; font-family: Cairo, sans-serif; font-size: 12px;\">Fonte de alimenta\u00e7\u00e3o: USB<\/p>","protected":false},"excerpt":{"rendered":"<p><\/p>","protected":false},"featured_media":60750,"comment_status":"open","ping_status":"closed","template":"","meta":{"_acf_changed":false},"product_brand":[],"product_cat":[322],"product_tag":[],"class_list":{"0":"post-60751","1":"product","2":"type-product","3":"status-publish","4":"has-post-thumbnail","6":"product_cat-home-appliance","8":"first","9":"instock","10":"taxable","11":"shipping-taxable","12":"purchasable","13":"product-type-simple"},"acf":[],"_links":{"self":[{"href":"http:\/\/54.76.153.246\/ar\/wp-json\/wp\/v2\/product\/60751","targetHints":{"allow":["GET"]}}],"collection":[{"href":"http:\/\/54.76.153.246\/ar\/wp-json\/wp\/v2\/product"}],"about":[{"href":"http:\/\/54.76.153.246\/ar\/wp-json\/wp\/v2\/types\/product"}],"replies":[{"embeddable":true,"href":"http:\/\/54.76.153.246\/ar\/wp-json\/wp\/v2\/comments?post=60751"}],"wp:featuredmedia":[{"embeddable":true,"href":"http:\/\/54.76.153.246\/ar\/wp-json\/wp\/v2\/media\/60750"}],"wp:attachment":[{"href":"http:\/\/54.76.153.246\/ar\/wp-json\/wp\/v2\/media?parent=60751"}],"wp:term":[{"taxonomy":"product_brand","embeddable":true,"href":"http:\/\/54.76.153.246\/ar\/wp-json\/wp\/v2\/product_brand?post=60751"},{"taxonomy":"product_cat","embeddable":true,"href":"http:\/\/54.76.153.246\/ar\/wp-json\/wp\/v2\/product_cat?post=60751"},{"taxonomy":"product_tag","embeddable":true,"href":"http:\/\/54.76.153.246\/ar\/wp-json\/wp\/v2\/product_tag?post=60751"}],"curies":[{"name":"\u062f\u0628\u0644\u064a\u0648 \u0628\u064a","href":"https:\/\/api.w.org\/{rel}","templated":true}]}}